{"id":10127,"date":"2021-12-13T11:46:00","date_gmt":"2021-12-13T09:46:00","guid":{"rendered":"http:\/\/www.moia.cat\/web\/?page_id=10127"},"modified":"2021-12-30T07:54:02","modified_gmt":"2021-12-30T05:54:02","slug":"avis-legal","status":"publish","type":"page","link":"https:\/\/www.moia.cat\/web\/avis-legal\/","title":{"rendered":"Av\u00eds legal"},"content":{"rendered":"<p>Informaci\u00f3 general<\/p>\n<p>Aquesta p\u00e0gina web i el domini s\u00f3n propietat de l\u00b4Ajuntament de Moi\u00e0 amb CIF: P0813700B. Les dades de contacte amb l&#8217;Ajuntament s\u00f3n:<\/p>\n<p>Pla\u00e7a Sant Sebasti\u00e0, 1<\/p>\n<p>08180 Moi\u00e0<\/p>\n<p>Web: http:\/\/www.moia.cat<br \/>\nCorreu electr\u00f2nic: ajuntament@moia.cat<br \/>\nTel\u00e8fon: 93 8300000<\/p>\n<h3>Continguts de la web<\/h3>\n<p>L\u2019Ajuntament presta especial atenci\u00f3 al fet que la informaci\u00f3 del lloc web sigui exacta i precisa, procedint a la seva actualitzaci\u00f3 de forma peri\u00f2dica i corregint els errors tan aviat com aquests hagin estat detectats. No obstant l\u2019Ajuntament no pot garantir que la informaci\u00f3 estigui actualitzada ni la inexist\u00e8ncia absoluta d\u2019errors.<\/p>\n<p>La informaci\u00f3 publicada en aquest lloc web t\u00e9 \u00fanicament car\u00e0cter informatiu i no constitueix una comunicaci\u00f3 d\u2019actes administratius ni comunicats oficials. Aquests \u00faltimes seran notificats pels canals oficials legalment establerts a aquest efecte.<\/p>\n<h3>Condicions d\u2019acc\u00e9s a la web<\/h3>\n<p>L\u2019acc\u00e9s a aquest lloc web i qualsevol de les seves p\u00e0gines suposa con\u00e8ixer i acceptar les advert\u00e8ncies legals, condicions i termes d\u2019\u00fas que figuren a continuaci\u00f3.<\/p>\n<p>L\u2019acc\u00e9s a aquest portal web, aix\u00ed com l\u2019\u00fas de la informaci\u00f3 que cont\u00e9 s\u00f3n responsabilitat de l\u2019usuari. L\u2019Ajuntament no \u00e9s responsable de cap perjudici que pogu\u00e9s derivar d\u2019aquests fets, ni tampoc pot garantir que l\u2019acc\u00e9s no es vegi interromput o que el contingut o software al que pugui accedir estigui lliure d\u2019error o de causar dany. L\u2019Ajuntament es reserva el dret a realitzar els canvis que procedeixin sense previ av\u00eds, a fi d\u2019actualitzar, modificar o eliminar la informaci\u00f3, i a realitzar els canvis i modificacions que estimi pertinents sobre el lloc web.<\/p>\n<p>L\u2019Ajuntament es reserva la facultat de modificar unilateralment les condicions i termes d\u2019\u00fas d\u2019aquest lloc web. Qualsevol modificaci\u00f3 dels mateixos s\u2019anunciar\u00e0 convenientment a trav\u00e9s d\u2019aquesta p\u00e0gina, i ser\u00e0 efectiva des del moment de la publicaci\u00f3.<\/p>\n<h3>Obligacions de l\u2019usuari<\/h3>\n<p>L\u2019usuari es compromet a utilitzar aquesta p\u00e0gina sense inc\u00f3rrer en activitats que puguin ser considerades il\u00b7l\u00edcites o il\u00b7legals, que infringeixin els drets de l\u2019Ajuntament o de tercers, o que puguin danyar, inutilitzar, sobrecarregar o deteriorar el lloc Web o impedir la normal utilitzaci\u00f3 del mateix.<\/p>\n<p>L\u2019usuari s\u2019haur\u00e0 d\u2019abstenir d\u2019obtenir els continguts utilitzant per aix\u00f2 mitjans o procediments diferents dels que s\u2019hagin posar a la seva disposici\u00f3 a aquest efecte, s\u2019hagin indicat a aquest lloc Web o s\u2019utilitzin habitualment a Internet i, en aquest \u00faltim cas, sempre que no comporti un risc de dany o inutilitzaci\u00f3 del lloc web i els seus continguts.<\/p>\n<h3>Exempci\u00f3 de responsabilitat de l\u2019Ajuntament<\/h3>\n<p>L\u2019Ajuntament no ser\u00e0 responsable dels possibles danys o perjudicis que es poguessin derivar d\u2019interfer\u00e8ncies, omissions, interrupcions, virus inform\u00e0tics, averies telef\u00f2niques o desconnexions en el funcionament operatiu d\u2019aquest sistema electr\u00f2nic, motivades per causes alienes a l\u2019Ajuntament, de retards o bloquejos en el seu \u00fas per defici\u00e8ncies o sobrec\u00e0rregues de l\u00ednies telef\u00f2niques, sobrec\u00e0rregues en el sistema d\u2019Internet o en altres sistemes electr\u00f2nics.<\/p>\n<p>L\u2019Ajuntament no garanteix la veracitat ni es responsabilitza de les conseq\u00fc\u00e8ncies que poguessin derivar-se dels errors en els continguts proporcionats per tercer que poguessin apar\u00e8ixer en aquesta web.<\/p>\n<p>L\u2019Ajuntament tampoc es responsabilitza dels continguts, productes o serveis que puguin visualitzar-se mitjan\u00e7ant enlla\u00e7os electr\u00f2nics (links), directa o indirectament, a trav\u00e9s d\u2019aquest lloc web. Aquests enlla\u00e7os no representen cap tipus de relaci\u00f3 entre l\u2019Ajuntament i els particulars o entitats titulars de les p\u00e0gines a les que donen acc\u00e9s. L\u2019Ajuntament es reserva el dret a retirar de forma unilateral i en qualsevol moment els links que apareixen a\u00a0 la web.<\/p>\n<p>La informaci\u00f3 que l\u2019Ajuntament proporcioni en resposta a qualsevol consulta o petici\u00f3 d\u2019informaci\u00f3 sol\u00b7licitada pels mitjans establerts a aquest efecte (b\u00fasties de correu electr\u00f2nic, formularis de consulta, etc.) t\u00e9 car\u00e0cter merament orientatiu i en cap cas resultar\u00e0 vinculant per a la resoluci\u00f3 dels procediments administratius, els quals es troben estrictament subjectes a les normes legals o reglament\u00e0ries que els siguin aplicables.<\/p>\n<h3>Propietat intel\u00b7lectual i industrial<\/h3>\n<p>El disseny d&#8217;aquest portal web i els seus codis font, els logos,\u00a0marques, etc. pertanyen a l&#8217;Ajuntament, excepte expressa\u00a0indicaci\u00f3 de titularitat diferent, i estan protegits pels\u00a0corresponents drets de propietat intel\u00b7lectual i industrial.\u00a0El seu \u00fas, reproducci\u00f3, distribuci\u00f3, comunicaci\u00f3 p\u00fablica,\u00a0transformaci\u00f3 o qualsevol altra activitat similar o an\u00e0loga, queda\u00a0totalment prohibida llevat que hi hagi autoritzaci\u00f3 expressa de l&#8217;Ajuntament.<\/p>\n<p>De forma general, i llevat que s\u2019indiqui el contrari de forma expressa per a casos singulars, es pot portar a terme la reproducci\u00f3, distribuci\u00f3 i comunicaci\u00f3 p\u00fablica dels continguts d\u2019aquest lloc web, sempre que aquests continguts romanguin \u00edntegres i sempre que quedi const\u00e0ncia de la proced\u00e8ncia, d\u2019acord amb la Llei 37\/2007, de 16 de nombre, sobre reutilitzaci\u00f3 de la informaci\u00f3 del sector p\u00fablic. No es podran utilitzar els continguts per a usos comercials, ni fer-ne obres derivades, sense autoritzaci\u00f3 expressa de l\u2019Ajuntament.<\/p>\n<p>Aquesta autoritzaci\u00f3 no \u00e9s aplicable als documents sotmesos a drets de propietat intel\u00b7lectual o industrial de tercers o en els documents que contenen dades de car\u00e0cter personal.<\/p>\n<p>L\u2019escut oficial de l\u2019Ajuntament i els altres dissenys i logotips que l\u2019identifiquen nom\u00e9s poden ser reprodu\u00efts i utilitzats amb autoritzaci\u00f3 pr\u00e8via de l\u2019Ajuntament, o b\u00e9 quan es tracti d\u2019identificar activitats o iniciatives que compten amb el suport expl\u00edcit de l\u2019Ajuntament. L\u2019Ajuntament n\u2019autoritza tamb\u00e9 usos no lucratius amb finalitats educatives, de recerca estudi o difusi\u00f3 cultural.<\/p>\n<p>No s\u2019autoritzen presentacions dels continguts d\u2019aquest lloc en una finestra aliena (framing) sense autoritzaci\u00f3 expressa i per escrit de l\u2019Ajuntament.<\/p>\n<h3>Informaci\u00f3 sobre cookies<\/h3>\n<p>L\u2019Ajuntament informa que aquest lloc web utilitza galetes (cookies) que permeten fer m\u00e9s c\u00f2mode i r\u00e0pida la comunicaci\u00f3 que s\u2019estableix entre ell i el lloc web. La vig\u00e8ncia d\u2019aquestes galetes es limita a la necess\u00e0ria per aconseguir aquests objectius. L\u2019usuari t\u00e9 la possibilitat de configurar el seu navegador d&#8217;Internet per a obtenir un millor coneixement i control de les galetes. Vost\u00e8 ha estat informat pr\u00e8viament de la seva instal\u00b7laci\u00f3. Trobar\u00e0 m\u00e9s informaci\u00f3 sobre la Pol\u00edtica de Cookies en\u00a0aquest enlla\u00e7.<\/p>\n<h3>Informaci\u00f3 sobre protecci\u00f3 de dades<\/h3>\n<p>L\u2019Ajuntament, amb objecte de garantir la seguretat dels sistemes que suporten el web i la integritat de la informaci\u00f3 subministrada, ha implementat les mesures de car\u00e0cter organitzatiu, t\u00e8cniques i legals requerides pel Reglament General de Protecci\u00f3 de dades (Reglament (UE) 2016\/679 del Parlament Europeu i del Consell, de 27 d&#8217;abril de 2016) i la normativa estatal sobre aquesta mat\u00e8ria.<\/p>\n<p>En l\u2019exercici de les seves compet\u00e8ncies i funcions l\u2019Ajuntament tracta dades de car\u00e0cter personal. A aquest lloc web i a la seu electr\u00f2nica de l\u2019Ajuntament figuren formularis que permeten a l\u2019Ajuntament obtenir dades. Els formularis informen de les finalitats de la recollida i dels aspectes m\u00e9s rellevants del tractament. Des d\u2019aquest enlla\u00e7\u00a0es pot consultar la informaci\u00f3 sobre la Pol\u00edtica de protecci\u00f3 de dades de l\u2019Ajuntament.<\/p>\n<p>Podeu contactar amb el Delegat de Protecci\u00f3 de dades a dpd@moia.cat o presencialment a l&#8217;Ajuntament de Moi\u00e0, Pla\u00e7a Sant Sebasti\u00e0, 1 de Moi\u00e0<\/p>\n<h3>Registre d&#8217;activitats de tractament<\/h3>\n<p>En data 1 de desembre de 2021 es va aprovar per la Junta de Govern Local el Registre d&#8217;Activitats de Tractament de l&#8217;Ajuntament de Moi\u00e0.<\/p>\n<ul>\n<li><a href=\"http:\/\/www.moia.cat\/web\/wp-content\/uploads\/2021\/12\/Registre-dactivitats-de-tractament-aprovat-.pdf\">Registre d&#8217;Activitats de Tractament aprovat<\/a><\/li>\n<li><a href=\"http:\/\/www.moia.cat\/web\/wp-content\/uploads\/2021\/12\/20211202_Certificat_Certificat-dacords_Certificat-dacord-2.pdf\">Certificat d&#8217;aprovaci\u00f3<\/a><\/li>\n<\/ul>\n","protected":false},"excerpt":{"rendered":"<p>Informaci\u00f3 general Aquesta p\u00e0gina web i el domini s\u00f3n propietat de l\u00b4Ajuntament de Moi\u00e0 amb CIF: P0813700B. Les dades de contacte amb l&#8217;Ajuntament s\u00f3n: Pla\u00e7a Sant Sebasti\u00e0, 1 08180 Moi\u00e0 Web: http:\/\/www.moia.cat Correu electr\u00f2nic: ajuntament@moia.cat Tel\u00e8fon: 93 8300000 Continguts de la web L\u2019Ajuntament presta especial atenci\u00f3 al fet que la informaci\u00f3 del lloc web sigui exacta i precisa, procedint a la seva actualitzaci\u00f3 de forma peri\u00f2dica i corregint els errors tan aviat com aquests hagin estat detectats. No obstant l\u2019Ajuntament no pot garantir que la informaci\u00f3 estigui actualitzada ni la inexist\u00e8ncia absoluta d\u2019errors. La informaci\u00f3 publicada en aquest lloc web t\u00e9 \u00fanicament car\u00e0cter informatiu i no constitueix una comunicaci\u00f3 d\u2019actes administratius ni comunicats oficials. Aquests \u00faltimes seran notificats pels canals oficials legalment establerts a aquest efecte. Condicions d\u2019acc\u00e9s a la web L\u2019acc\u00e9s a aquest lloc web i qualsevol de les seves p\u00e0gines suposa con\u00e8ixer i acceptar les advert\u00e8ncies legals, condicions i termes d\u2019\u00fas que figuren a continuaci\u00f3. L\u2019acc\u00e9s a aquest portal web, aix\u00ed com l\u2019\u00fas de la informaci\u00f3 que cont\u00e9 s\u00f3n responsabilitat de l\u2019usuari. L\u2019Ajuntament no \u00e9s responsable de cap perjudici que pogu\u00e9s derivar d\u2019aquests fets, ni tampoc pot garantir que l\u2019acc\u00e9s no es vegi interromput o que el contingut o software al que pugui accedir estigui lliure d\u2019error o de causar dany. L\u2019Ajuntament es reserva el dret a realitzar els canvis que procedeixin sense previ av\u00eds, a fi d\u2019actualitzar, modificar o eliminar la informaci\u00f3, i a realitzar els canvis i modificacions que estimi pertinents sobre el lloc web. L\u2019Ajuntament es reserva la facultat de modificar unilateralment les condicions i termes d\u2019\u00fas d\u2019aquest lloc web. Qualsevol modificaci\u00f3 dels mateixos s\u2019anunciar\u00e0 convenientment a trav\u00e9s d\u2019aquesta p\u00e0gina, i ser\u00e0 efectiva des del moment de la publicaci\u00f3. Obligacions de l\u2019usuari L\u2019usuari es compromet a utilitzar aquesta p\u00e0gina sense inc\u00f3rrer en activitats que puguin ser considerades il\u00b7l\u00edcites o il\u00b7legals, que infringeixin els drets de l\u2019Ajuntament o de tercers, o que puguin danyar, inutilitzar, sobrecarregar o deteriorar el lloc Web o impedir la normal utilitzaci\u00f3 del mateix. L\u2019usuari s\u2019haur\u00e0 d\u2019abstenir d\u2019obtenir els continguts utilitzant per aix\u00f2 mitjans o procediments diferents dels que s\u2019hagin posar a la seva disposici\u00f3 a aquest efecte, s\u2019hagin indicat a aquest lloc Web o s\u2019utilitzin habitualment a Internet i, en aquest \u00faltim cas, sempre que no comporti un risc de dany o inutilitzaci\u00f3 del lloc web i els seus continguts. Exempci\u00f3 de responsabilitat de l\u2019Ajuntament L\u2019Ajuntament no ser\u00e0 responsable dels possibles danys o perjudicis que es poguessin derivar d\u2019interfer\u00e8ncies, omissions, interrupcions, virus inform\u00e0tics, averies telef\u00f2niques o desconnexions en el funcionament operatiu d\u2019aquest sistema electr\u00f2nic, motivades per causes alienes a l\u2019Ajuntament, de retards o bloquejos en el seu \u00fas per defici\u00e8ncies o sobrec\u00e0rregues de l\u00ednies telef\u00f2niques, sobrec\u00e0rregues en el sistema d\u2019Internet o en altres sistemes electr\u00f2nics. L\u2019Ajuntament no garanteix la veracitat ni es responsabilitza de les conseq\u00fc\u00e8ncies que poguessin derivar-se dels errors en els continguts proporcionats per tercer que poguessin apar\u00e8ixer en aquesta web. L\u2019Ajuntament tampoc es responsabilitza dels continguts, productes o serveis que puguin visualitzar-se mitjan\u00e7ant enlla\u00e7os electr\u00f2nics (links), directa o indirectament, a trav\u00e9s d\u2019aquest lloc web. Aquests enlla\u00e7os no representen cap tipus de relaci\u00f3 entre l\u2019Ajuntament i els particulars o entitats titulars de les p\u00e0gines a les que donen acc\u00e9s. L\u2019Ajuntament es reserva el dret a retirar de forma unilateral i en qualsevol moment els links que apareixen a\u00a0 la web. La informaci\u00f3 que l\u2019Ajuntament proporcioni en resposta a qualsevol consulta o petici\u00f3 d\u2019informaci\u00f3 sol\u00b7licitada pels mitjans establerts a aquest efecte (b\u00fasties de correu electr\u00f2nic, formularis de consulta, etc.) t\u00e9 car\u00e0cter merament orientatiu i en cap cas resultar\u00e0 vinculant per a la resoluci\u00f3 dels procediments administratius, els quals es troben estrictament subjectes a les normes legals o reglament\u00e0ries que els siguin aplicables. Propietat intel\u00b7lectual i industrial El disseny d&#8217;aquest portal web i els seus codis font, els logos,\u00a0marques, etc. pertanyen a l&#8217;Ajuntament, excepte expressa\u00a0indicaci\u00f3 de titularitat diferent, i estan protegits pels\u00a0corresponents drets de propietat intel\u00b7lectual i industrial.\u00a0El seu \u00fas, reproducci\u00f3, distribuci\u00f3, comunicaci\u00f3 p\u00fablica,\u00a0transformaci\u00f3 o qualsevol altra activitat similar o an\u00e0loga, queda\u00a0totalment prohibida llevat que hi hagi autoritzaci\u00f3 expressa de l&#8217;Ajuntament. De forma general, i llevat que s\u2019indiqui el contrari de forma expressa per a casos singulars, es pot portar a terme la reproducci\u00f3, distribuci\u00f3 i comunicaci\u00f3 p\u00fablica dels continguts d\u2019aquest lloc web, sempre que aquests continguts romanguin \u00edntegres i sempre que quedi const\u00e0ncia de la proced\u00e8ncia, d\u2019acord amb la Llei 37\/2007, de 16 de nombre, sobre reutilitzaci\u00f3 de la informaci\u00f3 del sector p\u00fablic. No es podran utilitzar els continguts per a usos comercials, ni fer-ne obres derivades, sense autoritzaci\u00f3 expressa de l\u2019Ajuntament. Aquesta autoritzaci\u00f3 no \u00e9s aplicable als documents sotmesos a drets de propietat intel\u00b7lectual o industrial de tercers o en els documents que contenen dades de car\u00e0cter personal. L\u2019escut oficial de l\u2019Ajuntament i els altres dissenys i logotips que l\u2019identifiquen nom\u00e9s poden ser reprodu\u00efts i utilitzats amb autoritzaci\u00f3 pr\u00e8via de l\u2019Ajuntament, o b\u00e9 quan es tracti d\u2019identificar activitats o iniciatives que compten amb el suport expl\u00edcit de l\u2019Ajuntament. L\u2019Ajuntament n\u2019autoritza tamb\u00e9 usos no lucratius amb finalitats educatives, de recerca estudi o difusi\u00f3 cultural. No s\u2019autoritzen presentacions dels continguts d\u2019aquest lloc en una finestra aliena (framing) sense autoritzaci\u00f3 expressa i per escrit de l\u2019Ajuntament. Informaci\u00f3 sobre cookies L\u2019Ajuntament informa que aquest lloc web utilitza galetes (cookies) que permeten fer m\u00e9s c\u00f2mode i r\u00e0pida la comunicaci\u00f3 que s\u2019estableix entre ell i el lloc web. La vig\u00e8ncia d\u2019aquestes galetes es limita a la necess\u00e0ria per aconseguir aquests objectius. L\u2019usuari t\u00e9 la possibilitat de configurar el seu navegador d&#8217;Internet per a obtenir un millor coneixement i control de les galetes. Vost\u00e8 ha estat informat pr\u00e8viament de la seva instal\u00b7laci\u00f3. Trobar\u00e0 m\u00e9s informaci\u00f3 sobre la Pol\u00edtica de Cookies en\u00a0aquest enlla\u00e7. Informaci\u00f3 sobre protecci\u00f3 de dades L\u2019Ajuntament, amb objecte de garantir la seguretat dels sistemes que suporten el web i la integritat de la informaci\u00f3 subministrada, ha implementat les mesures de car\u00e0cter organitzatiu, t\u00e8cniques i legals requerides pel Reglament General de Protecci\u00f3 de dades (Reglament (UE) 2016\/679 del Parlament Europeu i del Consell, de 27 d&#8217;abril de 2016) i la normativa estatal sobre aquesta<\/p>\n","protected":false},"author":9,"featured_media":0,"parent":0,"menu_order":0,"comment_status":"closed","ping_status":"closed","template":"","meta":{"footnotes":""},"class_list":["post-10127","page","type-page","status-publish","hentry"],"rttpg_featured_image_url":null,"rttpg_author":{"display_name":"Ajuntament de Moi\u00e0","author_link":"https:\/\/www.moia.cat\/web\/author\/ajuntament\/"},"rttpg_comment":0,"rttpg_category":null,"rttpg_excerpt":"Informaci\u00f3 general Aquesta p\u00e0gina web i el domini s\u00f3n propietat de l\u00b4Ajuntament de Moi\u00e0 amb CIF: P0813700B. Les dades de contacte amb l&#8217;Ajuntament s\u00f3n: Pla\u00e7a Sant Sebasti\u00e0, 1 08180 Moi\u00e0 Web: http:\/\/www.moia.cat Correu electr\u00f2nic: ajuntament@moia.cat Tel\u00e8fon: 93 8300000 Continguts de la web L\u2019Ajuntament presta especial atenci\u00f3 al fet que la informaci\u00f3 del lloc web sigui&hellip;","_links":{"self":[{"href":"https:\/\/www.moia.cat\/web\/wp-json\/wp\/v2\/pages\/10127","targetHints":{"allow":["GET"]}}],"collection":[{"href":"https:\/\/www.moia.cat\/web\/wp-json\/wp\/v2\/pages"}],"about":[{"href":"https:\/\/www.moia.cat\/web\/wp-json\/wp\/v2\/types\/page"}],"author":[{"embeddable":true,"href":"https:\/\/www.moia.cat\/web\/wp-json\/wp\/v2\/users\/9"}],"replies":[{"embeddable":true,"href":"https:\/\/www.moia.cat\/web\/wp-json\/wp\/v2\/comments?post=10127"}],"version-history":[{"count":3,"href":"https:\/\/www.moia.cat\/web\/wp-json\/wp\/v2\/pages\/10127\/revisions"}],"predecessor-version":[{"id":12233,"href":"https:\/\/www.moia.cat\/web\/wp-json\/wp\/v2\/pages\/10127\/revisions\/12233"}],"wp:attachment":[{"href":"https:\/\/www.moia.cat\/web\/wp-json\/wp\/v2\/media?parent=10127"}],"curies":[{"name":"wp","href":"https:\/\/api.w.org\/{rel}","templated":true}]}}