{"id":13615,"date":"2022-10-25T15:06:22","date_gmt":"2022-10-25T13:06:22","guid":{"rendered":"http:\/\/www.moia.cat\/web\/?page_id=13615"},"modified":"2023-11-02T09:36:46","modified_gmt":"2023-11-02T07:36:46","slug":"modificacions-pressupostaries","status":"publish","type":"page","link":"https:\/\/www.moia.cat\/web\/modificacions-pressupostaries\/","title":{"rendered":"Modificacions pressupost\u00e0ries"},"content":{"rendered":"\t\t<div data-elementor-type=\"wp-page\" data-elementor-id=\"13615\" class=\"elementor elementor-13615\">\n\t\t\t\t\t\t<section class=\"elementor-section elementor-top-section elementor-element elementor-element-6c9b8828 elementor-section-boxed elementor-section-height-default elementor-section-height-default wpr-particle-no wpr-jarallax-no wpr-parallax-no wpr-sticky-section-no\" data-id=\"6c9b8828\" data-element_type=\"section\" data-e-type=\"section\">\n\t\t\t\t\t\t<div class=\"elementor-container elementor-column-gap-default\">\n\t\t\t\t\t<div class=\"elementor-column elementor-col-100 elementor-top-column elementor-element elementor-element-2cb7cf1e\" data-id=\"2cb7cf1e\" data-element_type=\"column\" data-e-type=\"column\">\n\t\t\t<div class=\"elementor-widget-wrap elementor-element-populated\">\n\t\t\t\t\t\t<div class=\"elementor-element elementor-element-226fb782 elementor-widget elementor-widget-text-editor\" data-id=\"226fb782\" data-element_type=\"widget\" data-e-type=\"widget\" data-widget_type=\"text-editor.default\">\n\t\t\t\t<div class=\"elementor-widget-container\">\n\t\t\t\t\t\t\t\t\t<p><div id=\"pl-gb13615-69d1b51056d7a\"  class=\"panel-layout\" ><div id=\"pg-gb13615-69d1b51056d7a-0\"  class=\"panel-grid panel-no-style\" ><div id=\"pgc-gb13615-69d1b51056d7a-0-0\"  class=\"panel-grid-cell\" ><div id=\"panel-gb13615-69d1b51056d7a-0-0-0\" class=\"widget_text so-panel widget widget_custom_html panel-first-child\" data-index=\"0\" ><h3 class=\"widget-title\">2023<\/h3><div class=\"textwidget custom-html-widget\"><\/div><\/div><div id=\"panel-gb13615-69d1b51056d7a-0-0-1\" class=\"so-panel widget widget_black-studio-tinymce widget_black_studio_tinymce panel-last-child\" data-index=\"1\" ><div class=\"textwidget\"><p><a href=\"http:\/\/www.moia.cat\/web\/wp-content\/uploads\/2023\/03\/Modificacio-de-credit-01-2023-decret-generacions-25-01-2023.pdf\">Modificaci\u00f3 de cr\u00e8dit 01-2023 - decret generacions 25-01-2023<\/a><\/p>\n<p><a href=\"http:\/\/www.moia.cat\/web\/wp-content\/uploads\/2023\/03\/Modificacio-de-credit-02-2023-decret-transferencies-25-01-2023.pdf\">Modificaci\u00f3 de cr\u00e8dit 02-2023 - decret transfer\u00e8ncies 25-01-2023<\/a><\/p>\n<p><a href=\"http:\/\/www.moia.cat\/web\/wp-content\/uploads\/2023\/03\/Modificacio-de-credit-03-2023-decret-generacions-17-02-2023.pdf\">Modificaci\u00f3 de cr\u00e8dit 03-2023 - decret generacions 17-02-2023<\/a><\/p>\n<p><a href=\"http:\/\/www.moia.cat\/web\/wp-content\/uploads\/2023\/03\/Modificacio-de-credit-04-2023-suplements-i-extraordinaris-1-acord-inicial-22-03-2023.pdf\">Modificaci\u00f3 de cr\u00e8dit 04-2023 - suplements i extraordinaris - 1 acord inicial 22-03-2023<\/a><\/p>\n<p><a href=\"http:\/\/www.moia.cat\/web\/wp-content\/uploads\/2023\/03\/Modificacio-de-credit-05-2023-decret-incorporacio-romanents-03-03-2023.pdf\">Modificaci\u00f3 de cr\u00e8dit 05-2023 - decret incorporaci\u00f3 romanents 03-03-2023<\/a><\/p>\n<p><a href=\"http:\/\/www.moia.cat\/web\/wp-content\/uploads\/2023\/03\/Modificacio-de-credit-06-2023-decret-incorporacio-romanents-16-03-2023.pdf\">Modificaci\u00f3 de cr\u00e8dit 06-2023 - decret incorporaci\u00f3 romanents 16-03-2023<\/a><\/p>\n<p><a href=\"http:\/\/www.moia.cat\/web\/wp-content\/uploads\/2023\/03\/Modificacio-de-credit-07-2023-extraordinari-1-acord-inicial-22-03-2023.pdf\">Modificaci\u00f3 de cr\u00e8dit 07-2023 - extraordinari - 1 acord inicial 22-03-2023<\/a><\/p>\n<p><a href=\"http:\/\/www.moia.cat\/web\/wp-content\/uploads\/2023\/03\/Modificacio-de-credit-08-2023-extraordinaris-1-acord-inicial-22-03-2023.pdf\">Modificaci\u00f3 de cr\u00e8dit 08-2023 - extraordinaris - 1 acord inicial 22-03-2023<\/a><\/p>\n<p><a href=\"http:\/\/www.moia.cat\/web\/wp-content\/uploads\/2023\/03\/Modificacio-de-credit-09-2023-decret-generacions-23-03-2023.pdf\">Modificaci\u00f3 de cr\u00e8dit 09-2023 - decret generacions 23-03-2023<\/a><\/p>\n<\/div><\/div><\/div><\/div><div id=\"pg-gb13615-69d1b51056d7a-1\"  class=\"panel-grid panel-no-style\" ><div id=\"pgc-gb13615-69d1b51056d7a-1-0\"  class=\"panel-grid-cell\" ><div id=\"panel-gb13615-69d1b51056d7a-1-0-0\" class=\"widget_text so-panel widget widget_custom_html panel-first-child\" data-index=\"2\" ><h3 class=\"widget-title\">2022<\/h3><div class=\"textwidget custom-html-widget\"><\/div><\/div><div id=\"panel-gb13615-69d1b51056d7a-1-0-1\" class=\"so-panel widget widget_black-studio-tinymce widget_black_studio_tinymce panel-last-child\" data-index=\"3\" ><div class=\"textwidget\"><p><a href=\"http:\/\/www.moia.cat\/web\/wp-content\/uploads\/2022\/10\/Modificacio-de-credit-01-2022-decret-incorporacio-de-romanents-18-02-2022.pdf\">Modificaci\u00f3 de cr\u00e8dit 01-2022 - decret incorporaci\u00f3 de romanents 18-02-2022<\/a><\/p>\n<p><a href=\"http:\/\/www.moia.cat\/web\/wp-content\/uploads\/2022\/10\/Modificacio-de-credit-02-2022-decret-generacions-25-02-2022.pdf\">Modificaci\u00f3 de cr\u00e8dit 02-2022 - decret generacions 25-02-2022<\/a><\/p>\n<p><a href=\"http:\/\/www.moia.cat\/web\/wp-content\/uploads\/2022\/10\/Modificacio-de-credit-03-2022-decret-transferencies-04-03-2022.pdf\">Modificaci\u00f3 de cr\u00e8dit 03-2022 - decret transfer\u00e8ncies 04-03-2022<\/a><\/p>\n<p><a href=\"http:\/\/www.moia.cat\/web\/wp-content\/uploads\/2022\/10\/Modificacio-de-credit-04-2022-suplements-i-extraordinaris-1-acord-inicial-16-03-2022.pdf\">Modificaci\u00f3 de cr\u00e8dit 04-2022 - suplements i extraordinaris - 1 acord inicial 16-03-2022<\/a><\/p>\n<p><a href=\"http:\/\/www.moia.cat\/web\/wp-content\/uploads\/2022\/10\/Modificacio-de-credit-04-2022-suplements-i-extraordinaris-2-acord-definitiu-12-04-2022.pdf\">Modificaci\u00f3 de cr\u00e8dit 04-2022 - suplements i extraordinaris - 2 acord definitiu 12-04-2022<\/a><\/p>\n<p><a href=\"http:\/\/www.moia.cat\/web\/wp-content\/uploads\/2022\/10\/Modificacio-de-credit-05-2022-decret-incorporacio-de-romanents-15-03-2022.pdf\">Modificaci\u00f3 de cr\u00e8dit 05-2022 - decret incorporaci\u00f3 de romanents 15-03-2022<\/a><\/p>\n<p><a href=\"http:\/\/www.moia.cat\/web\/wp-content\/uploads\/2022\/10\/Modificacio-de-credit-06-2022-decret-generacions-22-03-2022.pdf\">Modificaci\u00f3 de cr\u00e8dit 06-2022 - decret generacions 22-03-2022<\/a><\/p>\n<p><a href=\"http:\/\/www.moia.cat\/web\/wp-content\/uploads\/2022\/10\/Modificacio-de-credit-07-2022-suplements-i-extraordinaris-1-acord-inicial-21-04-2022.pdf\">Modificaci\u00f3 de cr\u00e8dit 07-2022 - suplements i extraordinaris - 1 acord inicial 21-04-2022<\/a><\/p>\n<p><a href=\"http:\/\/www.moia.cat\/web\/wp-content\/uploads\/2022\/10\/Modificacio-de-credit-07-2022-suplements-i-extraordinaris-2-acord-definitiu-19-05-2022.pdf\">Modificaci\u00f3 de cr\u00e8dit 07-2022 - suplements i extraordinaris - 2 acord definitiu 19-05-2022<\/a><\/p>\n<p><a href=\"http:\/\/www.moia.cat\/web\/wp-content\/uploads\/2022\/10\/Modificacio-de-credit-08-2022-suplements-i-extraordinaris-1-acord-inicial-18-05-2022.pdf\">Modificaci\u00f3 de cr\u00e8dit 08-2022 - suplements i extraordinaris - 1 acord inicial 18-05-2022<\/a><\/p>\n<p><a href=\"http:\/\/www.moia.cat\/web\/wp-content\/uploads\/2022\/10\/Modificacio-de-credit-08-2022-suplements-i-extraordinaris-2-acord-definitiu-17-06-2022.pdf\">Modificaci\u00f3 de cr\u00e8dit 08-2022 - suplements i extraordinaris - 2 acord definitiu 17-06-2022<\/a><\/p>\n<p><a href=\"http:\/\/www.moia.cat\/web\/wp-content\/uploads\/2022\/10\/Modificacio-de-credit-09-2022-decret-transferencies-18-05-2022.pdf\">Modificaci\u00f3 de cr\u00e8dit 09-2022 - decret transfer\u00e8ncies 18-05-2022<\/a><\/p>\n<p><a href=\"http:\/\/www.moia.cat\/web\/wp-content\/uploads\/2022\/10\/Modificacio-de-credit-10-2022-extraordinaris-1-acord-inicial-18-05-2022.pdf\">Modificaci\u00f3 de cr\u00e8dit 10-2022 - extraordinaris - 1 acord inicial 18-05-2022<\/a><\/p>\n<p><a href=\"http:\/\/www.moia.cat\/web\/wp-content\/uploads\/2022\/10\/Modificacio-de-credit-10-2022-extraordinaris-2-acord-definitiu-17-06-2022.pdf\">Modificaci\u00f3 de cr\u00e8dit 10-2022 - extraordinaris - 2 acord definitiu 17-06-2022<\/a><\/p>\n<p><a href=\"http:\/\/www.moia.cat\/web\/wp-content\/uploads\/2022\/10\/Modificacio-de-credit-11-2022-decret-generacions-31-05-2022.pdf\">Modificaci\u00f3 de cr\u00e8dit 11-2022 - decret generacions 31-05-2022<\/a><\/p>\n<p><a href=\"http:\/\/www.moia.cat\/web\/wp-content\/uploads\/2022\/10\/Modificacio-de-credit-12-2022-suplements-i-extraordinaris-1-acord-inicial-15-06-2022.pdf\">Modificaci\u00f3 de cr\u00e8dit 12-2022 - suplements i extraordinaris - 1 acord inicial 15-06-2022<\/a><\/p>\n<p><a href=\"http:\/\/www.moia.cat\/web\/wp-content\/uploads\/2022\/10\/Modificacio-de-credit-12-2022-suplements-i-extraordinaris-2-acord-definitiu-15-07-2022.pdf\">Modificaci\u00f3 de cr\u00e8dit 12-2022 - suplements i extraordinaris - 2 acord definitiu 15-07-2022<\/a><\/p>\n<p><a href=\"http:\/\/www.moia.cat\/web\/wp-content\/uploads\/2022\/10\/Modificacio-de-credit-13-2022-decret-generacions-14-07-2022.pdf\">Modificaci\u00f3 de cr\u00e8dit 13-2022 - decret generacions 14-07-2022<\/a><\/p>\n<p><a href=\"http:\/\/www.moia.cat\/web\/wp-content\/uploads\/2022\/10\/Modificacio-de-credit-14-2022-suplements-i-extraordinaris-1-acord-definitiu-25-08-2022.pdf\">Modificaci\u00f3 de cr\u00e8dit 14-2022 - suplements i extraordinaris - 1 acord definitiu 25-08-2022<\/a><\/p>\n<p><a href=\"http:\/\/www.moia.cat\/web\/wp-content\/uploads\/2022\/10\/Modificacio-de-credit-14-2022-suplements-i-extraordinaris-1-acord-inicial-20-07-2022.pdf\">Modificaci\u00f3 de cr\u00e8dit 14-2022 - suplements i extraordinaris - 1 acord inicial 20-07-2022<\/a><\/p>\n<p><a href=\"http:\/\/www.moia.cat\/web\/wp-content\/uploads\/2022\/10\/Modificacio-de-credit-15-2022-suplements-i-extraordinaris-1-acord-definitiu-25-08-2022.pdf\">Modificaci\u00f3 de cr\u00e8dit 15-2022 - suplements i extraordinaris - 1 acord definitiu 25-08-2022<\/a><\/p>\n<p><a href=\"http:\/\/www.moia.cat\/web\/wp-content\/uploads\/2022\/10\/Modificacio-de-credit-15-2022-suplements-i-extraordinaris-1-acord-inicial-20-07-2022.pdf\">Modificaci\u00f3 de cr\u00e8dit 15-2022 - suplements i extraordinaris - 1 acord inicial 20-07-2022<\/a><\/p>\n<p><a href=\"http:\/\/www.moia.cat\/web\/wp-content\/uploads\/2022\/10\/Modificacio-de-credit-16-2022-generacions-08-09-2022.pdf\">Modificaci\u00f3 de cr\u00e8dit 16-2022 - generacions 08-09-2022<\/a><\/p>\n<p><a href=\"http:\/\/www.moia.cat\/web\/wp-content\/uploads\/2022\/10\/Modificacio-de-credit-17-2022-generacions-09-09-2022.pdf\">Modificaci\u00f3 de cr\u00e8dit 17-2022 - generacions 09-09-2022<\/a><\/p>\n<p><a href=\"http:\/\/www.moia.cat\/web\/wp-content\/uploads\/2022\/10\/Modificacio-de-credit-18-2022-generacions-27-09-2022.pdf\">Modificaci\u00f3 de cr\u00e8dit 18-2022 - generacions 27-09-2022<\/a><\/p>\n<p><a href=\"http:\/\/www.moia.cat\/web\/wp-content\/uploads\/2022\/10\/Modificacio-de-credit-19-2022-generacions-17-10-2022.pdf\">Modificaci\u00f3 de cr\u00e8dit 19-2022 - generacions 17-10-2022<\/a><\/p>\n<p><a href=\"http:\/\/www.moia.cat\/web\/wp-content\/uploads\/2022\/10\/Modificacio-de-credit-20-2022-extraordinaris-1-acord-inicial-19-10-2022.pdf\">Modificaci\u00f3 de cr\u00e8dit 20-2022 - extraordinaris - 1 acord inicial 19-10-2022<\/a><\/p>\n<\/div><\/div><\/div><\/div><\/div><\/p>\n<p><\/p>\n<h2 class=\"wp-block-heading\">&nbsp;<\/h2>\n<p><\/p>\n<p><\/p>\n<h2 class=\"wp-block-heading\">2022<\/h2>\n<p><\/p>\n<p><\/p>\n<p><\/p>\n<p><\/p>\n<p><\/p>\n<figure class=\"wp-block-gallery has-nested-images columns-default is-cropped wp-block-gallery-4 is-layout-flex wp-block-gallery-is-layout-flex\"><\/figure>\n<p><\/p>\n<p><\/p>\n<figure class=\"wp-block-gallery has-nested-images columns-default is-cropped wp-block-gallery-5 is-layout-flex wp-block-gallery-is-layout-flex\"><\/figure>\n<p><\/p>\n<p><\/p>\n<figure class=\"wp-block-gallery has-nested-images columns-default is-cropped wp-block-gallery-6 is-layout-flex wp-block-gallery-is-layout-flex\"><\/figure>\n<p><\/p>\n<p><\/p>\n<div class=\"wp-block-media-text alignwide is-stacked-on-mobile\">\n<figure class=\"wp-block-media-text__media\"><\/figure>\n<div class=\"wp-block-media-text__content\">\n<p><\/p>\n<p><\/p>\n<\/div>\n<\/div>\n<p><\/p>\n<p><\/p>\n<div class=\"wp-block-media-text alignwide is-stacked-on-mobile\">\n<figure class=\"wp-block-media-text__media\"><\/figure>\n<div class=\"wp-block-media-text__content\">\n<p><\/p>\n<p><\/p>\n<\/div>\n<\/div>\n<p><\/p>\n<p><\/p>\n<div class=\"wp-block-media-text alignwide is-stacked-on-mobile\">\n<figure class=\"wp-block-media-text__media\"><\/figure>\n<div class=\"wp-block-media-text__content\">\n<p><\/p>\n<p><\/p>\n<\/div>\n<\/div>\n<p><\/p>\t\t\t\t\t\t\t\t<\/div>\n\t\t\t\t<\/div>\n\t\t\t\t\t<\/div>\n\t\t<\/div>\n\t\t\t\t\t<\/div>\n\t\t<\/section>\n\t\t\t\t<\/div>\n\t\t","protected":false},"excerpt":{"rendered":"<p>&nbsp; 2022<\/p>\n","protected":false},"author":9,"featured_media":0,"parent":0,"menu_order":0,"comment_status":"closed","ping_status":"closed","template":"","meta":{"footnotes":""},"class_list":["post-13615","page","type-page","status-publish","hentry"],"rttpg_featured_image_url":null,"rttpg_author":{"display_name":"Ajuntament de Moi\u00e0","author_link":"https:\/\/www.moia.cat\/web\/author\/ajuntament\/"},"rttpg_comment":0,"rttpg_category":null,"rttpg_excerpt":"&nbsp; 2022","_links":{"self":[{"href":"https:\/\/www.moia.cat\/web\/wp-json\/wp\/v2\/pages\/13615","targetHints":{"allow":["GET"]}}],"collection":[{"href":"https:\/\/www.moia.cat\/web\/wp-json\/wp\/v2\/pages"}],"about":[{"href":"https:\/\/www.moia.cat\/web\/wp-json\/wp\/v2\/types\/page"}],"author":[{"embeddable":true,"href":"https:\/\/www.moia.cat\/web\/wp-json\/wp\/v2\/users\/9"}],"replies":[{"embeddable":true,"href":"https:\/\/www.moia.cat\/web\/wp-json\/wp\/v2\/comments?post=13615"}],"version-history":[{"count":11,"href":"https:\/\/www.moia.cat\/web\/wp-json\/wp\/v2\/pages\/13615\/revisions"}],"predecessor-version":[{"id":15316,"href":"https:\/\/www.moia.cat\/web\/wp-json\/wp\/v2\/pages\/13615\/revisions\/15316"}],"wp:attachment":[{"href":"https:\/\/www.moia.cat\/web\/wp-json\/wp\/v2\/media?parent=13615"}],"curies":[{"name":"wp","href":"https:\/\/api.w.org\/{rel}","templated":true}]}}