{"id":154,"date":"2018-07-17T10:42:50","date_gmt":"2018-07-17T08:42:50","guid":{"rendered":"http:\/\/www.moia.cat\/web\/?page_id=154"},"modified":"2018-08-31T09:18:10","modified_gmt":"2018-08-31T07:18:10","slug":"moia","status":"publish","type":"page","link":"https:\/\/www.moia.cat\/web\/moia\/","title":{"rendered":"Moi\u00e0"},"content":{"rendered":"<div id=\"pl-154\"  class=\"panel-layout\" ><div id=\"pg-154-0\"  class=\"panel-grid panel-no-style\" ><div id=\"pgc-154-0-0\"  class=\"panel-grid-cell\" ><div id=\"panel-154-0-0-0\" class=\"so-panel widget widget_media_image panel-first-child\" data-index=\"0\" ><img fetchpriority=\"high\" decoding=\"async\" width=\"240\" height=\"240\" src=\"https:\/\/www.moia.cat\/web\/wp-content\/uploads\/2018\/08\/imatge-1.png\" class=\"image wp-image-7550  attachment-full size-full\" alt=\"\" style=\"max-width: 100%; height: auto;\" srcset=\"https:\/\/www.moia.cat\/web\/wp-content\/uploads\/2018\/08\/imatge-1.png 240w, https:\/\/www.moia.cat\/web\/wp-content\/uploads\/2018\/08\/imatge-1-150x150.png 150w, https:\/\/www.moia.cat\/web\/wp-content\/uploads\/2018\/08\/imatge-1-60x60.png 60w\" sizes=\"(max-width: 240px) 100vw, 240px\" \/><\/div><div id=\"panel-154-0-0-1\" class=\"so-panel widget widget_media_image panel-last-child\" data-index=\"1\" ><img decoding=\"async\" width=\"240\" height=\"240\" src=\"https:\/\/www.moia.cat\/web\/wp-content\/uploads\/2018\/08\/ikmatge2.png\" class=\"image wp-image-7551  attachment-full size-full\" alt=\"\" style=\"max-width: 100%; height: auto;\" srcset=\"https:\/\/www.moia.cat\/web\/wp-content\/uploads\/2018\/08\/ikmatge2.png 240w, https:\/\/www.moia.cat\/web\/wp-content\/uploads\/2018\/08\/ikmatge2-150x150.png 150w, https:\/\/www.moia.cat\/web\/wp-content\/uploads\/2018\/08\/ikmatge2-60x60.png 60w\" sizes=\"(max-width: 240px) 100vw, 240px\" \/><\/div><\/div><div id=\"pgc-154-0-1\"  class=\"panel-grid-cell\" ><div id=\"panel-154-0-1-0\" class=\"so-panel widget widget_black-studio-tinymce widget_black_studio_tinymce panel-first-child\" data-index=\"2\" ><div class=\"textwidget\"><div style=\"text-align: justify;\">La vila de Moi\u00e0 est\u00e0 envoltada per la costa de la Creu (832 metres) i la del Salgot (852 metres).<br \/>\nMoi\u00e0 est\u00e0 situat a<strong>\u00a0717 metres d'altura<\/strong> sobre el nivell del mar i amb un terme de <strong>75,15 quil\u00f2metres quadrats<\/strong>.<br \/>\nActualment t\u00e9\u00a0 una <strong>poblaci\u00f3 de 6.201 habitants.<\/strong><\/div>\n<div style=\"text-align: justify;\">Geogr\u00e0ficament, la poblaci\u00f3 est\u00e0 situada a 52 kil\u00f2metres de Barcelona, 27 kil\u00f2metres de Vic i 25 kil\u00f2metres de Manresa.<\/div>\n<div style=\"text-align: justify;\">Les primeres evid\u00e8ncies de poblament les trobem ja a la prehist\u00f2ria, gr\u00e0cies a les troballes trobades al jaciment de les\u00a0<strong>Coves del Toll.\u00a0<\/strong><\/div>\n<\/div><\/div><div id=\"panel-154-0-1-1\" class=\"so-panel widget widget_black-studio-tinymce widget_black_studio_tinymce panel-last-child\" data-index=\"3\" ><div class=\"textwidget\"><div style=\"text-align: justify;\">\n<div style=\"text-align: justify;\">La vila de Moi\u00e0, capital hist\u00f2rica de la comarca del Moian\u00e8s, ofereix al visitant una barreja\u00a0<strong>d'hist\u00f2ria, tradici\u00f3, comer\u00e7, tranquil\u00b7litat i caliu,<\/strong>\u00a0conjuntament amb un\u00a0<strong>entorn i un paisatge privilegiats.<\/strong><\/div>\n<\/div>\n<\/div><\/div><\/div><\/div><\/div>","protected":false},"excerpt":{"rendered":"<p>La vila de Moi\u00e0 est\u00e0 envoltada per la costa de la Creu (832 metres) i la del Salgot (852 metres). Moi\u00e0 est\u00e0 situat a\u00a0717 metres d&#8217;altura sobre el nivell del mar i amb un terme de 75,15 quil\u00f2metres quadrats. Actualment t\u00e9\u00a0 una poblaci\u00f3 de 6.201 habitants. Geogr\u00e0ficament, la poblaci\u00f3 est\u00e0 situada a 52 kil\u00f2metres de Barcelona, 27 kil\u00f2metres de Vic i 25 kil\u00f2metres de Manresa. Les primeres evid\u00e8ncies de poblament les trobem ja a la prehist\u00f2ria, gr\u00e0cies a les troballes trobades al jaciment de les\u00a0Coves del Toll.\u00a0 La vila de Moi\u00e0, capital hist\u00f2rica de la comarca del Moian\u00e8s, ofereix al visitant una barreja\u00a0d&#8217;hist\u00f2ria, tradici\u00f3, comer\u00e7, tranquil\u00b7litat i caliu,\u00a0conjuntament amb un\u00a0entorn i un paisatge privilegiats.<\/p>\n","protected":false},"author":9,"featured_media":0,"parent":0,"menu_order":0,"comment_status":"closed","ping_status":"closed","template":"template-fullwidth.php","meta":{"footnotes":""},"class_list":["post-154","page","type-page","status-publish","hentry"],"rttpg_featured_image_url":null,"rttpg_author":{"display_name":"Ajuntament de Moi\u00e0","author_link":"https:\/\/www.moia.cat\/web\/author\/ajuntament\/"},"rttpg_comment":0,"rttpg_category":null,"rttpg_excerpt":"La vila de Moi\u00e0 est\u00e0 envoltada per la costa de la Creu (832 metres) i la del Salgot (852 metres). Moi\u00e0 est\u00e0 situat a\u00a0717 metres d'altura sobre el nivell del mar i amb un terme de 75,15 quil\u00f2metres quadrats. Actualment t\u00e9\u00a0 una poblaci\u00f3 de 6.201 habitants. Geogr\u00e0ficament, la poblaci\u00f3 est\u00e0 situada a 52 kil\u00f2metres de&hellip;","_links":{"self":[{"href":"https:\/\/www.moia.cat\/web\/wp-json\/wp\/v2\/pages\/154","targetHints":{"allow":["GET"]}}],"collection":[{"href":"https:\/\/www.moia.cat\/web\/wp-json\/wp\/v2\/pages"}],"about":[{"href":"https:\/\/www.moia.cat\/web\/wp-json\/wp\/v2\/types\/page"}],"author":[{"embeddable":true,"href":"https:\/\/www.moia.cat\/web\/wp-json\/wp\/v2\/users\/9"}],"replies":[{"embeddable":true,"href":"https:\/\/www.moia.cat\/web\/wp-json\/wp\/v2\/comments?post=154"}],"version-history":[{"count":8,"href":"https:\/\/www.moia.cat\/web\/wp-json\/wp\/v2\/pages\/154\/revisions"}],"predecessor-version":[{"id":7562,"href":"https:\/\/www.moia.cat\/web\/wp-json\/wp\/v2\/pages\/154\/revisions\/7562"}],"wp:attachment":[{"href":"https:\/\/www.moia.cat\/web\/wp-json\/wp\/v2\/media?parent=154"}],"curies":[{"name":"wp","href":"https:\/\/api.w.org\/{rel}","templated":true}]}}