{"id":171,"date":"2018-07-17T10:44:13","date_gmt":"2018-07-17T08:44:13","guid":{"rendered":"http:\/\/www.moia.cat\/web\/?page_id=171"},"modified":"2018-08-30T12:13:09","modified_gmt":"2018-08-30T10:13:09","slug":"agermanament","status":"publish","type":"page","link":"https:\/\/www.moia.cat\/web\/agermanament\/","title":{"rendered":"Agermanament"},"content":{"rendered":"<div id=\"pl-171\"  class=\"panel-layout\" ><div id=\"pg-171-0\"  class=\"panel-grid panel-no-style\" ><div id=\"pgc-171-0-0\"  class=\"panel-grid-cell\" ><div id=\"panel-171-0-0-0\" class=\"so-panel widget widget_media_image panel-first-child panel-last-child\" data-index=\"0\" ><img fetchpriority=\"high\" decoding=\"async\" width=\"240\" height=\"240\" src=\"https:\/\/www.moia.cat\/web\/wp-content\/uploads\/2018\/08\/mauer.png\" class=\"image wp-image-7430  attachment-full size-full\" alt=\"\" style=\"max-width: 100%; height: auto;\" srcset=\"https:\/\/www.moia.cat\/web\/wp-content\/uploads\/2018\/08\/mauer.png 240w, https:\/\/www.moia.cat\/web\/wp-content\/uploads\/2018\/08\/mauer-150x150.png 150w, https:\/\/www.moia.cat\/web\/wp-content\/uploads\/2018\/08\/mauer-60x60.png 60w\" sizes=\"(max-width: 240px) 100vw, 240px\" \/><\/div><\/div><div id=\"pgc-171-0-1\"  class=\"panel-grid-cell\" ><div id=\"panel-171-0-1-0\" class=\"so-panel widget widget_black-studio-tinymce widget_black_studio_tinymce panel-first-child panel-last-child\" data-index=\"1\" ><div class=\"textwidget\"><p style=\"text-align: justify;\">Moi\u00e0 \u00e9s un <strong>poble agermanat amb Mauer<\/strong>, un poblaci\u00f3 alemanya.<\/p>\n<p style=\"text-align: justify;\">Ambdues poblacions els uneix un<strong> passat prehist\u00f2ric,<\/strong> a Mauer es va trobar en un meadre f\u00f2ssil del riu, la mand\u00edbula de l'home Helderberguensis, i a Moi\u00e0 destaca el jaciment de les Coves del Toll amb abundant fauna quatern\u00e0ria i pres\u00e8ncia humana des de l'home de Neandertal.<\/p>\n<p style=\"text-align: justify;\">Al llarg d\u2019aquests anys s\u2019han realitzat <strong>diverses trobades<\/strong>, tant en una poblaci\u00f3 com a l'altre.<\/p>\n<\/div><\/div><\/div><\/div><\/div>","protected":false},"excerpt":{"rendered":"<p>Moi\u00e0 \u00e9s un poble agermanat amb Mauer, un poblaci\u00f3 alemanya. Ambdues poblacions els uneix un passat prehist\u00f2ric, a Mauer es va trobar en un meadre f\u00f2ssil del riu, la mand\u00edbula de l&#8217;home Helderberguensis, i a Moi\u00e0 destaca el jaciment de les Coves del Toll amb abundant fauna quatern\u00e0ria i pres\u00e8ncia humana des de l&#8217;home de Neandertal. Al llarg d\u2019aquests anys s\u2019han realitzat diverses trobades, tant en una poblaci\u00f3 com a l&#8217;altre.<\/p>\n","protected":false},"author":9,"featured_media":0,"parent":0,"menu_order":0,"comment_status":"closed","ping_status":"closed","template":"","meta":{"footnotes":""},"class_list":["post-171","page","type-page","status-publish","hentry"],"rttpg_featured_image_url":null,"rttpg_author":{"display_name":"Ajuntament de Moi\u00e0","author_link":"https:\/\/www.moia.cat\/web\/author\/ajuntament\/"},"rttpg_comment":0,"rttpg_category":null,"rttpg_excerpt":"Moi\u00e0 \u00e9s un poble agermanat amb Mauer, un poblaci\u00f3 alemanya. Ambdues poblacions els uneix un passat prehist\u00f2ric, a Mauer es va trobar en un meadre f\u00f2ssil del riu, la mand\u00edbula de l'home Helderberguensis, i a Moi\u00e0 destaca el jaciment de les Coves del Toll amb abundant fauna quatern\u00e0ria i pres\u00e8ncia humana des de l'home de&hellip;","_links":{"self":[{"href":"https:\/\/www.moia.cat\/web\/wp-json\/wp\/v2\/pages\/171","targetHints":{"allow":["GET"]}}],"collection":[{"href":"https:\/\/www.moia.cat\/web\/wp-json\/wp\/v2\/pages"}],"about":[{"href":"https:\/\/www.moia.cat\/web\/wp-json\/wp\/v2\/types\/page"}],"author":[{"embeddable":true,"href":"https:\/\/www.moia.cat\/web\/wp-json\/wp\/v2\/users\/9"}],"replies":[{"embeddable":true,"href":"https:\/\/www.moia.cat\/web\/wp-json\/wp\/v2\/comments?post=171"}],"version-history":[{"count":7,"href":"https:\/\/www.moia.cat\/web\/wp-json\/wp\/v2\/pages\/171\/revisions"}],"predecessor-version":[{"id":7568,"href":"https:\/\/www.moia.cat\/web\/wp-json\/wp\/v2\/pages\/171\/revisions\/7568"}],"wp:attachment":[{"href":"https:\/\/www.moia.cat\/web\/wp-json\/wp\/v2\/media?parent=171"}],"curies":[{"name":"wp","href":"https:\/\/api.w.org\/{rel}","templated":true}]}}