{"id":1818,"date":"2018-08-09T07:36:19","date_gmt":"2018-08-09T05:36:19","guid":{"rendered":"http:\/\/www.moia.cat\/web\/?page_id=1818"},"modified":"2018-08-30T13:55:46","modified_gmt":"2018-08-30T11:55:46","slug":"pacte-dalcaldes","status":"publish","type":"page","link":"https:\/\/www.moia.cat\/web\/pacte-dalcaldes\/","title":{"rendered":"Pacte d&#8217;alcaldes"},"content":{"rendered":"<div id=\"pl-1818\"  class=\"panel-layout\" ><div id=\"pg-1818-0\"  class=\"panel-grid panel-no-style\" ><div id=\"pgc-1818-0-0\"  class=\"panel-grid-cell\" ><div id=\"panel-1818-0-0-0\" class=\"so-panel widget widget_black-studio-tinymce widget_black_studio_tinymce panel-first-child panel-last-child\" data-index=\"0\" ><div class=\"textwidget\"><p style=\"text-align: justify;\">Moi\u00e0 \u00e9s un dels municipis adherits al pacte d'alcaldes per l'energia sostenible local.<\/p>\n<p style=\"text-align: justify;\">A principis de l'any 2008 la\u00a0Uni\u00f3 Europea, com a concreci\u00f3 del Paquet energia i clima,\u00a0va iniciar\u00a0el <strong>Pacte d'alcaldes per l'energia sostenible local<\/strong>, una iniciativa a europa per canalitzar i recon\u00e8ixer la participaci\u00f3 del m\u00f3n local en la lluita contra el canvi clim\u00e0tic, i que ha aplegat milers de ciutats i pobles d'Europa en un moviment \u00fanic.<\/p>\n<p style=\"text-align: justify;\">En els darrers anys el m\u00f3n local ha treballat de forma exitosa per implantar accions per\u00a0<strong>mitigar el canvi clim\u00e0tic<\/strong>\u00a0(promoci\u00f3 energies renovables com la biomassa, l\u2019energia solar,\u00a0l\u2019efici\u00e8ncia energ\u00e8tica sobretot en edificis i l\u2019enllumenat p\u00fablics, i l \u2018estalvi d\u2019energia tant en el sector p\u00fablic com de cara a la ciutadania i les empreses). Per\u00f2 davant el repte que suposa el canvi clim\u00e0tic, tamb\u00e9 ens cal actuar per\u00a0<strong>adaptar-nos als canvis<\/strong>\u00a0que tenim ja a sobre.<\/p>\n<p style=\"text-align: justify;\">A Catalunya, ja hi han\u00a0<strong>600 els municipis adherits<\/strong>\u00a0al Pacte d\u2019Alcaldes inicial, dels quals\u00a0<strong>m\u00e9s de 200 a la prov\u00edncia de Barcelona.<\/strong><\/p>\n<\/div><\/div><\/div><\/div><div id=\"pg-1818-1\"  class=\"panel-grid panel-no-style\" ><div id=\"pgc-1818-1-0\"  class=\"panel-grid-cell\" ><div id=\"panel-1818-1-0-0\" class=\"so-panel widget widget_media_image panel-first-child\" data-index=\"1\" ><img fetchpriority=\"high\" decoding=\"async\" width=\"240\" height=\"240\" src=\"https:\/\/www.moia.cat\/web\/wp-content\/uploads\/2018\/08\/pacte.png\" class=\"image wp-image-7421  attachment-full size-full\" alt=\"\" style=\"max-width: 100%; height: auto;\" srcset=\"https:\/\/www.moia.cat\/web\/wp-content\/uploads\/2018\/08\/pacte.png 240w, https:\/\/www.moia.cat\/web\/wp-content\/uploads\/2018\/08\/pacte-150x150.png 150w, https:\/\/www.moia.cat\/web\/wp-content\/uploads\/2018\/08\/pacte-60x60.png 60w\" sizes=\"(max-width: 240px) 100vw, 240px\" \/><\/div><div id=\"panel-1818-1-0-1\" class=\"so-panel widget widget_black-studio-tinymce widget_black_studio_tinymce panel-last-child\" data-index=\"2\" ><div class=\"textwidget\"><p style=\"text-align: center;\"><a href=\"https:\/\/www.diba.cat\/web\/alcaldespelclima\/inici\" target=\"_blank\" rel=\"noopener\">Pacte d'alcaldes<\/a><\/p>\n<\/div><\/div><\/div><div id=\"pgc-1818-1-1\"  class=\"panel-grid-cell\" ><div id=\"panel-1818-1-1-0\" class=\"so-panel widget widget_black-studio-tinymce widget_black_studio_tinymce panel-first-child panel-last-child\" data-index=\"3\" ><div class=\"textwidget\"><p>Els objectius i pilars principals del pacte d'alcaldes s\u00f3n:<\/p>\n<ul>\n<li><strong>Comprom\u00eds de reducci\u00f3 d'emissions de GEH m\u00e9s enll\u00e0 del 40% per l'any 2030<\/strong>, mitjan\u00e7ant l'augment de l'efici\u00e8ncia energ\u00e8tica i un major \u00fas de fonts d'energia renovables.<\/li>\n<li>Comprom\u00eds d'avan\u00e7ar cap a la resili\u00e8ncia de les ciutats afegint la <strong>obligaci\u00f3 de redactar un Pla d'Adaptaci\u00f3 al Canvi Clim\u00e0tic<\/strong> i executar-ne les accions.<\/li>\n<li>Un <strong>subministrament energ\u00e8tic sigui segur, disponible, equitatiu i sostenible.<\/strong><\/li>\n<\/ul>\n<\/div><\/div><\/div><\/div><\/div>","protected":false},"excerpt":{"rendered":"<p>Moi\u00e0 \u00e9s un dels municipis adherits al pacte d&#8217;alcaldes per l&#8217;energia sostenible local. A principis de l&#8217;any 2008 la\u00a0Uni\u00f3 Europea, com a concreci\u00f3 del Paquet energia i clima,\u00a0va iniciar\u00a0el Pacte d&#8217;alcaldes per l&#8217;energia sostenible local, una iniciativa a europa per canalitzar i recon\u00e8ixer la participaci\u00f3 del m\u00f3n local en la lluita contra el canvi clim\u00e0tic, i que ha aplegat milers de ciutats i pobles d&#8217;Europa en un moviment \u00fanic. En els darrers anys el m\u00f3n local ha treballat de forma exitosa per implantar accions per\u00a0mitigar el canvi clim\u00e0tic\u00a0(promoci\u00f3 energies renovables com la biomassa, l\u2019energia solar,\u00a0l\u2019efici\u00e8ncia energ\u00e8tica sobretot en edificis i l\u2019enllumenat p\u00fablics, i l \u2018estalvi d\u2019energia tant en el sector p\u00fablic com de cara a la ciutadania i les empreses). Per\u00f2 davant el repte que suposa el canvi clim\u00e0tic, tamb\u00e9 ens cal actuar per\u00a0adaptar-nos als canvis\u00a0que tenim ja a sobre. A Catalunya, ja hi han\u00a0600 els municipis adherits\u00a0al Pacte d\u2019Alcaldes inicial, dels quals\u00a0m\u00e9s de 200 a la prov\u00edncia de Barcelona. Pacte d&#8217;alcaldes Els objectius i pilars principals del pacte d&#8217;alcaldes s\u00f3n: Comprom\u00eds de reducci\u00f3 d&#8217;emissions de GEH m\u00e9s enll\u00e0 del 40% per l&#8217;any 2030, mitjan\u00e7ant l&#8217;augment de l&#8217;efici\u00e8ncia energ\u00e8tica i un major \u00fas de fonts d&#8217;energia renovables. Comprom\u00eds d&#8217;avan\u00e7ar cap a la resili\u00e8ncia de les ciutats afegint la obligaci\u00f3 de redactar un Pla d&#8217;Adaptaci\u00f3 al Canvi Clim\u00e0tic i executar-ne les accions. Un subministrament energ\u00e8tic sigui segur, disponible, equitatiu i sostenible.<\/p>\n","protected":false},"author":9,"featured_media":0,"parent":0,"menu_order":0,"comment_status":"closed","ping_status":"closed","template":"","meta":{"footnotes":""},"class_list":["post-1818","page","type-page","status-publish","hentry"],"rttpg_featured_image_url":null,"rttpg_author":{"display_name":"Ajuntament de Moi\u00e0","author_link":"https:\/\/www.moia.cat\/web\/author\/ajuntament\/"},"rttpg_comment":0,"rttpg_category":null,"rttpg_excerpt":"Moi\u00e0 \u00e9s un dels municipis adherits al pacte d'alcaldes per l'energia sostenible local. A principis de l'any 2008 la\u00a0Uni\u00f3 Europea, com a concreci\u00f3 del Paquet energia i clima,\u00a0va iniciar\u00a0el Pacte d'alcaldes per l'energia sostenible local, una iniciativa a europa per canalitzar i recon\u00e8ixer la participaci\u00f3 del m\u00f3n local en la lluita contra el canvi clim\u00e0tic,&hellip;","_links":{"self":[{"href":"https:\/\/www.moia.cat\/web\/wp-json\/wp\/v2\/pages\/1818","targetHints":{"allow":["GET"]}}],"collection":[{"href":"https:\/\/www.moia.cat\/web\/wp-json\/wp\/v2\/pages"}],"about":[{"href":"https:\/\/www.moia.cat\/web\/wp-json\/wp\/v2\/types\/page"}],"author":[{"embeddable":true,"href":"https:\/\/www.moia.cat\/web\/wp-json\/wp\/v2\/users\/9"}],"replies":[{"embeddable":true,"href":"https:\/\/www.moia.cat\/web\/wp-json\/wp\/v2\/comments?post=1818"}],"version-history":[{"count":10,"href":"https:\/\/www.moia.cat\/web\/wp-json\/wp\/v2\/pages\/1818\/revisions"}],"predecessor-version":[{"id":7479,"href":"https:\/\/www.moia.cat\/web\/wp-json\/wp\/v2\/pages\/1818\/revisions\/7479"}],"wp:attachment":[{"href":"https:\/\/www.moia.cat\/web\/wp-json\/wp\/v2\/media?parent=1818"}],"curies":[{"name":"wp","href":"https:\/\/api.w.org\/{rel}","templated":true}]}}