{"id":1845,"date":"2018-08-09T08:46:58","date_gmt":"2018-08-09T06:46:58","guid":{"rendered":"http:\/\/www.moia.cat\/web\/?page_id=1845"},"modified":"2018-08-27T12:00:18","modified_gmt":"2018-08-27T10:00:18","slug":"pla-local-de-seguretat","status":"publish","type":"page","link":"https:\/\/www.moia.cat\/web\/pla-local-de-seguretat\/","title":{"rendered":"Pla local de seguretat vi\u00e0ria"},"content":{"rendered":"<div id=\"pl-1845\"  class=\"panel-layout\" ><div id=\"pg-1845-0\"  class=\"panel-grid panel-no-style\" ><div id=\"pgc-1845-0-0\"  class=\"panel-grid-cell\" ><div id=\"panel-1845-0-0-0\" class=\"so-panel widget widget_black-studio-tinymce widget_black_studio_tinymce panel-first-child panel-last-child\" data-index=\"0\" ><div class=\"textwidget\"><p style=\"text-align: justify;\">Els plans locals de seguretat vi\u00e0ria (<span class=\"hiddenSpellError\">PLSV<\/span>) s\u00f3n una de les <strong>accions claus derivades del Pla de Seguretat Vi\u00e0ria<\/strong> (<span class=\"hiddenSpellError\">PSV<\/span>) del Servei Catal\u00e0 del Tr\u00e0nsit, que manifesta la necessitat de seguir treballant per un <strong>espai continu de seguretat vi\u00e0ria<\/strong>, tant en zona urbana com interurbana.<\/p>\n<p style=\"text-align: justify;\">Les mesures que es plantegin, en entorns concrets o estrat\u00e8gicament per la totalitat de la zona urbana, han de permetre l'assoliment dels objectius del Pla en els anys 2016-20109.<\/p>\n<\/div><\/div><\/div><\/div><div id=\"pg-1845-1\"  class=\"panel-grid panel-no-style\" ><div id=\"pgc-1845-1-0\"  class=\"panel-grid-cell\" ><div id=\"panel-1845-1-0-0\" class=\"so-panel widget widget_black-studio-tinymce widget_black_studio_tinymce panel-first-child panel-last-child\" data-index=\"1\" ><div class=\"textwidget\"><p><a href=\"http:\/\/www.moia.cat\/web\/wp-content\/uploads\/2018\/08\/2015-PLA-LOCAL-DE-SEGURETAT-VIA\u0300RIA_AJUNTAMENT-DE-MOIA\u0300.pdf\" target=\"_blank\" rel=\"noopener\">Pla local de seguretat vi\u00e0ria, Moi\u00e0\u00a0 2015<\/a><\/p>\n<\/div><\/div><\/div><div id=\"pgc-1845-1-1\"  class=\"panel-grid-cell\" ><div id=\"panel-1845-1-1-0\" class=\"so-panel widget widget_black-studio-tinymce widget_black_studio_tinymce panel-first-child panel-last-child\" data-index=\"2\" ><div class=\"textwidget\"><ul>\n<li style=\"text-align: justify;\"><span style=\"font-size: 12pt;\"><strong><span lang=\"CA\">Objectius principals del PLSV<\/span><\/strong><\/span><\/li>\n<li style=\"text-align: justify;\"><span lang=\"CA\">\u00a0L'objectiu fonamental\u00a0 \u00e9s la\u00a0<b>reducci\u00f3 de l'accidentalitat i la prevenci\u00f3 de sinistres<\/b>.<\/span><\/li>\n<\/ul>\n<\/div><\/div><\/div><\/div><\/div>","protected":false},"excerpt":{"rendered":"<p>Els plans locals de seguretat vi\u00e0ria (PLSV) s\u00f3n una de les accions claus derivades del Pla de Seguretat Vi\u00e0ria (PSV) del Servei Catal\u00e0 del Tr\u00e0nsit, que manifesta la necessitat de seguir treballant per un espai continu de seguretat vi\u00e0ria, tant en zona urbana com interurbana. Les mesures que es plantegin, en entorns concrets o estrat\u00e8gicament per la totalitat de la zona urbana, han de permetre l&#8217;assoliment dels objectius del Pla en els anys 2016-20109. Pla local de seguretat vi\u00e0ria, Moi\u00e0\u00a0 2015 Objectius principals del PLSV \u00a0L&#8217;objectiu fonamental\u00a0 \u00e9s la\u00a0reducci\u00f3 de l&#8217;accidentalitat i la prevenci\u00f3 de sinistres.<\/p>\n","protected":false},"author":9,"featured_media":0,"parent":0,"menu_order":0,"comment_status":"closed","ping_status":"closed","template":"","meta":{"footnotes":""},"class_list":["post-1845","page","type-page","status-publish","hentry"],"rttpg_featured_image_url":null,"rttpg_author":{"display_name":"Ajuntament de Moi\u00e0","author_link":"https:\/\/www.moia.cat\/web\/author\/ajuntament\/"},"rttpg_comment":0,"rttpg_category":null,"rttpg_excerpt":"Els plans locals de seguretat vi\u00e0ria (PLSV) s\u00f3n una de les accions claus derivades del Pla de Seguretat Vi\u00e0ria (PSV) del Servei Catal\u00e0 del Tr\u00e0nsit, que manifesta la necessitat de seguir treballant per un espai continu de seguretat vi\u00e0ria, tant en zona urbana com interurbana. Les mesures que es plantegin, en entorns concrets o estrat\u00e8gicament&hellip;","_links":{"self":[{"href":"https:\/\/www.moia.cat\/web\/wp-json\/wp\/v2\/pages\/1845","targetHints":{"allow":["GET"]}}],"collection":[{"href":"https:\/\/www.moia.cat\/web\/wp-json\/wp\/v2\/pages"}],"about":[{"href":"https:\/\/www.moia.cat\/web\/wp-json\/wp\/v2\/types\/page"}],"author":[{"embeddable":true,"href":"https:\/\/www.moia.cat\/web\/wp-json\/wp\/v2\/users\/9"}],"replies":[{"embeddable":true,"href":"https:\/\/www.moia.cat\/web\/wp-json\/wp\/v2\/comments?post=1845"}],"version-history":[{"count":7,"href":"https:\/\/www.moia.cat\/web\/wp-json\/wp\/v2\/pages\/1845\/revisions"}],"predecessor-version":[{"id":7315,"href":"https:\/\/www.moia.cat\/web\/wp-json\/wp\/v2\/pages\/1845\/revisions\/7315"}],"wp:attachment":[{"href":"https:\/\/www.moia.cat\/web\/wp-json\/wp\/v2\/media?parent=1845"}],"curies":[{"name":"wp","href":"https:\/\/api.w.org\/{rel}","templated":true}]}}