{"id":18805,"date":"2025-05-14T11:38:48","date_gmt":"2025-05-14T09:38:48","guid":{"rendered":"https:\/\/www.moia.cat\/web\/?page_id=18805"},"modified":"2025-05-14T17:50:22","modified_gmt":"2025-05-14T15:50:22","slug":"transport-public","status":"publish","type":"page","link":"https:\/\/www.moia.cat\/web\/transport-public\/","title":{"rendered":"Transport P\u00fablic"},"content":{"rendered":"\t\t<div data-elementor-type=\"wp-page\" data-elementor-id=\"18805\" class=\"elementor elementor-18805\">\n\t\t\t\t\t\t<section class=\"elementor-section elementor-top-section elementor-element elementor-element-1219ca5 elementor-section-boxed elementor-section-height-default elementor-section-height-default wpr-particle-no wpr-jarallax-no wpr-parallax-no wpr-sticky-section-no wpr-equal-height-no\" data-id=\"1219ca5\" data-element_type=\"section\" data-e-type=\"section\">\n\t\t\t\t\t\t<div class=\"elementor-container elementor-column-gap-default\">\n\t\t\t\t\t<div class=\"elementor-column elementor-col-100 elementor-top-column elementor-element elementor-element-48412f7\" data-id=\"48412f7\" data-element_type=\"column\" data-e-type=\"column\">\n\t\t\t<div class=\"elementor-widget-wrap elementor-element-populated\">\n\t\t\t\t\t\t<div class=\"elementor-element elementor-element-b60481d elementor-widget elementor-widget-image\" data-id=\"b60481d\" data-element_type=\"widget\" data-e-type=\"widget\" data-widget_type=\"image.default\">\n\t\t\t\t<div class=\"elementor-widget-container\">\n\t\t\t\t\t\t\t\t\t\t\t\t\t\t\t<img fetchpriority=\"high\" decoding=\"async\" width=\"1024\" height=\"615\" src=\"https:\/\/www.moia.cat\/web\/wp-content\/uploads\/2025\/05\/Sagales_Guia-Moianes-70x42_D3_page-0001-1024x615.jpg\" class=\"attachment-large size-large wp-image-18810\" alt=\"\" srcset=\"https:\/\/www.moia.cat\/web\/wp-content\/uploads\/2025\/05\/Sagales_Guia-Moianes-70x42_D3_page-0001-1024x615.jpg 1024w, https:\/\/www.moia.cat\/web\/wp-content\/uploads\/2025\/05\/Sagales_Guia-Moianes-70x42_D3_page-0001-300x180.jpg 300w, https:\/\/www.moia.cat\/web\/wp-content\/uploads\/2025\/05\/Sagales_Guia-Moianes-70x42_D3_page-0001-768x461.jpg 768w, https:\/\/www.moia.cat\/web\/wp-content\/uploads\/2025\/05\/Sagales_Guia-Moianes-70x42_D3_page-0001-1536x922.jpg 1536w, https:\/\/www.moia.cat\/web\/wp-content\/uploads\/2025\/05\/Sagales_Guia-Moianes-70x42_D3_page-0001-2048x1229.jpg 2048w, https:\/\/www.moia.cat\/web\/wp-content\/uploads\/2025\/05\/Sagales_Guia-Moianes-70x42_D3_page-0001-400x240.jpg 400w\" sizes=\"(max-width: 1024px) 100vw, 1024px\" \/>\t\t\t\t\t\t\t\t\t\t\t\t\t\t\t<\/div>\n\t\t\t\t<\/div>\n\t\t\t\t\t<\/div>\n\t\t<\/div>\n\t\t\t\t\t<\/div>\n\t\t<\/section>\n\t\t\t\t<section class=\"elementor-section elementor-top-section elementor-element elementor-element-0077559 elementor-section-boxed elementor-section-height-default elementor-section-height-default wpr-particle-no wpr-jarallax-no wpr-parallax-no wpr-sticky-section-no wpr-equal-height-no\" data-id=\"0077559\" data-element_type=\"section\" data-e-type=\"section\">\n\t\t\t\t\t\t<div class=\"elementor-container elementor-column-gap-default\">\n\t\t\t\t\t<div class=\"elementor-column elementor-col-100 elementor-top-column elementor-element elementor-element-d4cebf5\" data-id=\"d4cebf5\" data-element_type=\"column\" data-e-type=\"column\">\n\t\t\t<div class=\"elementor-widget-wrap elementor-element-populated\">\n\t\t\t\t\t\t<div class=\"elementor-element elementor-element-2c5999f elementor-widget elementor-widget-text-editor\" data-id=\"2c5999f\" data-element_type=\"widget\" data-e-type=\"widget\" data-widget_type=\"text-editor.default\">\n\t\t\t\t<div class=\"elementor-widget-container\">\n\t\t\t\t\t\t\t\t\t<p style=\"color: #444444; font-family: 'Open Sans';\">Descarrega&#8217;t la\u00a0<a style=\"transition-property: all;\" href=\"http:\/\/www.moia.cat\/web\/wp-content\/uploads\/2025\/05\/Sagales_Guia-Moianes-70x42_D3.pdf\">Guia de transport p\u00fablic del Moian\u00e8s<\/a><\/p><p style=\"color: #444444; font-family: 'Open Sans';\"><strong>L\u00ednies que connecten amb Moi\u00e0<\/strong><\/p><p style=\"color: #444444; font-family: 'Open Sans';\"><a style=\"transition-property: all;\" href=\"https:\/\/www.sagales.com\/linia\/203?direction=1\"><span style=\"color: #000000;\">E9. Santa Maria d\u2019Ol\u00f3 \u2013 Barcelona (per autopista).<\/span><\/a><br \/><span style=\"color: #000000;\"><a style=\"transition-property: all; color: #000000;\" href=\"https:\/\/www.sagales.com\/es\/linia\/203\">203. Santa Maria d\u2019Ol\u00f3 \u2013 Barcelona (per carretera).<\/a><\/span><br \/><span style=\"color: #000000;\"><a style=\"transition-property: all; color: #000000;\" href=\"https:\/\/www.sagales.com\/es\/linia\/248\">248.Moian\u00e8s \u2013 Universitat Aut\u00f2noma de Barcelona (UAB).\u00a0<\/a><\/span><br \/><span style=\"color: #000000;\"><a style=\"transition-property: all; color: #000000;\" href=\"https:\/\/www.sagales.com\/es\/linia\/250\">250. Castellter\u00e7ol \u2013 Castellcir \u2013 Moi\u00e0.\u00a0<\/a><\/span><br \/><span style=\"color: #000000;\"><a style=\"transition-property: all; color: #000000;\" href=\"https:\/\/www.sagales.com\/es\/linia\/260\">260. Moi\u00e0 \u2013 Caldes de Montbui \u2013 Granollers.<\/a><\/span><br \/><span style=\"color: #000000;\"><a style=\"transition-property: all; color: #000000;\" href=\"https:\/\/www.sagales.com\/es\/linia\/710\">710. L\u2019Estany\/Castellter\u00e7ol \u2013 Moi\u00e0 \u2013 Vic.<\/a><\/span><br \/><span style=\"color: #000000;\"><a style=\"transition-property: all; color: #000000;\" href=\"https:\/\/www.sagales.com\/es\/linia\/722\">722. Castellter\u00e7ol \u2013 Moi\u00e0 \u2013 Manresa.<\/a><\/span><\/p>\t\t\t\t\t\t\t\t<\/div>\n\t\t\t\t<\/div>\n\t\t\t\t\t<\/div>\n\t\t<\/div>\n\t\t\t\t\t<\/div>\n\t\t<\/section>\n\t\t\t\t<\/div>\n\t\t","protected":false},"excerpt":{"rendered":"<p>Descarrega&#8217;t la\u00a0Guia de transport p\u00fablic del Moian\u00e8s L\u00ednies que connecten amb Moi\u00e0 E9. Santa Maria d\u2019Ol\u00f3 \u2013 Barcelona (per autopista).203. Santa Maria d\u2019Ol\u00f3 \u2013 Barcelona (per carretera).248.Moian\u00e8s \u2013 Universitat Aut\u00f2noma de Barcelona (UAB).\u00a0250. Castellter\u00e7ol \u2013 Castellcir \u2013 Moi\u00e0.\u00a0260. Moi\u00e0 \u2013 Caldes de Montbui \u2013 Granollers.710. L\u2019Estany\/Castellter\u00e7ol \u2013 Moi\u00e0 \u2013 Vic.722. Castellter\u00e7ol \u2013 Moi\u00e0 \u2013 Manresa.<\/p>\n","protected":false},"author":9,"featured_media":0,"parent":0,"menu_order":0,"comment_status":"closed","ping_status":"closed","template":"","meta":{"footnotes":""},"class_list":["post-18805","page","type-page","status-publish","hentry"],"rttpg_featured_image_url":null,"rttpg_author":{"display_name":"Ajuntament de Moi\u00e0","author_link":"https:\/\/www.moia.cat\/web\/author\/ajuntament\/"},"rttpg_comment":0,"rttpg_category":null,"rttpg_excerpt":"Descarrega&#8217;t la\u00a0Guia de transport p\u00fablic del Moian\u00e8s L\u00ednies que connecten amb Moi\u00e0 E9. Santa Maria d\u2019Ol\u00f3 \u2013 Barcelona (per autopista).203. Santa Maria d\u2019Ol\u00f3 \u2013 Barcelona (per carretera).248.Moian\u00e8s \u2013 Universitat Aut\u00f2noma de Barcelona (UAB).\u00a0250. Castellter\u00e7ol \u2013 Castellcir \u2013 Moi\u00e0.\u00a0260. Moi\u00e0 \u2013 Caldes de Montbui \u2013 Granollers.710. L\u2019Estany\/Castellter\u00e7ol \u2013 Moi\u00e0 \u2013 Vic.722. Castellter\u00e7ol \u2013 Moi\u00e0 \u2013 Manresa.","_links":{"self":[{"href":"https:\/\/www.moia.cat\/web\/wp-json\/wp\/v2\/pages\/18805","targetHints":{"allow":["GET"]}}],"collection":[{"href":"https:\/\/www.moia.cat\/web\/wp-json\/wp\/v2\/pages"}],"about":[{"href":"https:\/\/www.moia.cat\/web\/wp-json\/wp\/v2\/types\/page"}],"author":[{"embeddable":true,"href":"https:\/\/www.moia.cat\/web\/wp-json\/wp\/v2\/users\/9"}],"replies":[{"embeddable":true,"href":"https:\/\/www.moia.cat\/web\/wp-json\/wp\/v2\/comments?post=18805"}],"version-history":[{"count":6,"href":"https:\/\/www.moia.cat\/web\/wp-json\/wp\/v2\/pages\/18805\/revisions"}],"predecessor-version":[{"id":18814,"href":"https:\/\/www.moia.cat\/web\/wp-json\/wp\/v2\/pages\/18805\/revisions\/18814"}],"wp:attachment":[{"href":"https:\/\/www.moia.cat\/web\/wp-json\/wp\/v2\/media?parent=18805"}],"curies":[{"name":"wp","href":"https:\/\/api.w.org\/{rel}","templated":true}]}}