{"id":19465,"date":"2025-09-09T14:06:42","date_gmt":"2025-09-09T12:06:42","guid":{"rendered":"https:\/\/www.moia.cat\/web\/?page_id=19465"},"modified":"2025-09-09T14:06:42","modified_gmt":"2025-09-09T12:06:42","slug":"dionis-guiteras-registre-dinteressos-seccio-1a-activitats","status":"publish","type":"page","link":"https:\/\/www.moia.cat\/web\/dionis-guiteras-registre-dinteressos-seccio-1a-activitats\/","title":{"rendered":"Dion\u00eds Guiteras &#8211; Registre d&#8217;interessos secci\u00f3 1a &#8211; activitats"},"content":{"rendered":"<h1 class=\"title\"><span style=\"color: #e44f61;\">Registre d&#8217;interessos. Secci\u00f3 1a d&#8217;Activitats<\/span><\/h1>\n<h2 class=\"subtitle\">Declaraci\u00f3 d&#8217;incompatibilitats i activitats que proporcionen o poden proporcionar ingressos econ\u00f2mics.<\/h2>\n<div class=\"card\">\n<div class=\"card-body bg-grey\">\n<div class=\"fieldset\"><b>Nom i Cognoms<\/b>: Dionis Guiteras Rubio<br \/>\n<b>C\u00e0rrec<\/b>: Alcalde<br \/>\n<b>Partit judicial<\/b>: Partit judicial de Manresa<br \/>\n<b>Data de la declaraci\u00f3<\/b>: 15\/06\/2023<\/p>\n<\/div>\n<\/div>\n<\/div>\n<hr \/>\n<p>En compliment del que disposa l&#8217;article 75.7 de la Llei reguladora de les bases del r\u00e8gim local, i l&#8217;article 163 del Text ref\u00f3s de la Llei municipal i de r\u00e8gim local de Catalunya, aprovat per Decret Legislatiu 2\/2003, de 28 d&#8217;abril, en relaci\u00f3 amb l&#8217;art. 8.1.h) de la Llei estatal 19\/2013, de 9 de desembre, i a l&#8217;art. 56 de la Llei auton\u00f2mica 19\/2014, de 29 de desembre, ambdues de transpar\u00e8ncia, acc\u00e9s a la informaci\u00f3 p\u00fablica i bon govern, i d&#8217;acord amb les Instruccions de funcionament i gesti\u00f3 del Registre d&#8217;Interessos de la Diputaci\u00f3 de Barcelona, formulo la seg\u00fcent:<\/p>\n<hr \/>\n<h3 class=\"subtitle\">Declaraci\u00f3<\/h3>\n<p><strong>1.<\/strong>\u00a0Que\u00a0<strong>No<\/strong>\u00a0estic incurs\/a en causa d&#8217;incompatibilitat de les previstes en la legislaci\u00f3 vigent.<\/p>\n<p><strong>2.<\/strong>\u00a0Que en cas d&#8217;estar incurs\/a en causa d&#8217;incompatibilitat, opto pel c\u00e0rrec de:<\/p>\n<p><strong>3.<\/strong>\u00a0Que en relaci\u00f3 amb els c\u00e0rrecs i les activitats que desenvolupo i\/o les que em proporcionen o poden proporcionar ingressos econ\u00f2mics, indico les seg\u00fcents:<\/p>\n<h4 class=\"subtitle mb-0\">3.1 C\u00e0rrecs que exerceixo amb car\u00e0cter institucional o per als quals he estat designat\/da per la meva condici\u00f3, amb car\u00e0cter unipersonal i\/o en \u00f2rgans col\u00b7legiats directius o consells d&#8217;administraci\u00f3, de qualsevol administraci\u00f3, organisme i\/o empreses de capital p\u00fablic.<\/h4>\n<table class=\"table table-striped table-bordered\">\n<thead>\n<tr class=\"bg-diba text-white\">\n<th scope=\"col\">Organitzaci\u00f3<\/th>\n<th scope=\"col\">C\u00e0rrec<\/th>\n<th scope=\"col\">Retribuci\u00f3<\/th>\n<th scope=\"col\">Indemnitzaci\u00f3 per assist\u00e8ncia<\/th>\n<\/tr>\n<\/thead>\n<tbody>\n<tr>\n<td>Ajuntament de Moi\u00e0<\/td>\n<td>Alcalde EF<\/td>\n<td>No<\/td>\n<td>No<\/td>\n<\/tr>\n<tr>\n<td>Diputaci\u00f3 de Barcelona<\/td>\n<td>Diputat en funcions<\/td>\n<td>S\u00ed<\/td>\n<td>No<\/td>\n<\/tr>\n<tr>\n<td>Xarxa Audiovisual Local SL<\/td>\n<td>membre consell administraci\u00f3 i vocal junta general en funcions<\/td>\n<td>No<\/td>\n<td>No<\/td>\n<\/tr>\n<tr>\n<td>Aig\u00fces de Moi\u00e0<\/td>\n<td>President<\/td>\n<td>No<\/td>\n<td>No<\/td>\n<\/tr>\n<\/tbody>\n<\/table>\n<h4 class=\"subtitle mb-0\">3.2 Altres activitats p\u00fabliques<\/h4>\n<h5 class=\"subtitle mb-0\">3.2.1 Llocs, professions o activitats<\/h5>\n<p>\u2611 Res a declarar en aquest ep\u00edgraf.<\/p>\n<h5 class=\"subtitle mb-0\">3.2.2 C\u00e0rrecs en cambres o col\u00b7legis professionals<\/h5>\n<p>&nbsp;<\/p>\n<p>\u2611 Res a declarar en aquest ep\u00edgraf.<\/p>\n<h5 class=\"subtitle mb-0\">3.2.3 Percepci\u00f3 de pensions de drets passius o de la Seguretat Social<\/h5>\n<p>\u2611 Res a declarar en aquest ep\u00edgraf.<\/p>\n<h5 class=\"subtitle mb-0\">3.2.4 Altres c\u00e0rrecs institucionals<\/h5>\n<p>&nbsp;<\/p>\n<table class=\"table table-striped table-bordered\">\n<thead>\n<tr class=\"bg-diba text-white\">\n<th scope=\"col\">Organisme\/Instituci\u00f3<\/th>\n<th scope=\"col\">C\u00e0rrec<\/th>\n<th scope=\"col\">Retribuci\u00f3<\/th>\n<th scope=\"col\">Dieta\/Indemnitzaci\u00f3<\/th>\n<\/tr>\n<\/thead>\n<tbody>\n<tr>\n<td>Associaci\u00f3 Empresarial Agricultura Ecol\u00f2gica<\/td>\n<td>President<\/td>\n<td>No<\/td>\n<td>No<\/td>\n<\/tr>\n<\/tbody>\n<\/table>\n<h4 class=\"subtitle mb-0\">3.3 Activitats privades<\/h4>\n<h5 class=\"subtitle mb-0\">3.3.1 Activitats per compte propi<\/h5>\n<p>&nbsp;<\/p>\n<table class=\"table table-striped table-bordered\">\n<thead>\n<tr class=\"bg-diba text-white\">\n<th scope=\"col\">Empresa<\/th>\n<th scope=\"col\">Localitat<\/th>\n<th scope=\"col\">Descripci\u00f3 de l&#8217;activitat<\/th>\n<\/tr>\n<\/thead>\n<tbody>\n<tr>\n<td>Moian\u00e8s Iniciatives SLU<\/td>\n<td>Moi\u00e0<\/td>\n<td>codi CNAE 64.20<\/td>\n<\/tr>\n<\/tbody>\n<\/table>\n<h5 class=\"subtitle mb-0\">3.3.2 Activitats per compte d&#8217;altri<\/h5>\n<p>\u2611 Res a declarar en aquest ep\u00edgraf.<\/p>\n<h5 class=\"subtitle mb-0\">3.3.3 Exercici de c\u00e0rrecs amb funcions de direcci\u00f3, representaci\u00f3 o assessorament de societats mercantils i civils, fundacions i consorcis amb finalitat lucrativa<\/h5>\n<p>\u2611 Res a declarar en aquest ep\u00edgraf.<\/p>\n<h5 class=\"subtitle mb-0\">3.3.4 C\u00e0rrecs i\/o participacions superior al 10% en el capital del\/de la societat, c\u00f2njuge o persona vinculada amb an\u00e0loga relaci\u00f3 de conviv\u00e8ncia afectiva i descendents sobre els quals s&#8217;exerceixi la representaci\u00f3 legal, en empreses d&#8217;obres, serveis o subministraments, qualsevol que sigui la seva naturalesa, concertades amb el sector p\u00fablic estatal, auton\u00f2mic o local<\/h5>\n<p>\u2611 Res a declarar en aquest ep\u00edgraf.<\/p>\n","protected":false},"excerpt":{"rendered":"<p>Registre d&#8217;interessos. Secci\u00f3 1a d&#8217;Activitats Declaraci\u00f3 d&#8217;incompatibilitats i activitats que proporcionen o poden proporcionar ingressos econ\u00f2mics. Nom i Cognoms: Dionis Guiteras Rubio C\u00e0rrec: Alcalde Partit judicial: Partit judicial de Manresa Data de la declaraci\u00f3: 15\/06\/2023 En compliment del que disposa l&#8217;article 75.7 de la Llei reguladora de les bases del r\u00e8gim local, i l&#8217;article 163 del Text ref\u00f3s de la Llei municipal i de r\u00e8gim local de Catalunya, aprovat per Decret Legislatiu 2\/2003, de 28 d&#8217;abril, en relaci\u00f3 amb l&#8217;art. 8.1.h) de la Llei estatal 19\/2013, de 9 de desembre, i a l&#8217;art. 56 de la Llei auton\u00f2mica 19\/2014, de 29 de desembre, ambdues de transpar\u00e8ncia, acc\u00e9s a la informaci\u00f3 p\u00fablica i bon govern, i d&#8217;acord amb les Instruccions de funcionament i gesti\u00f3 del Registre d&#8217;Interessos de la Diputaci\u00f3 de Barcelona, formulo la seg\u00fcent: Declaraci\u00f3 1.\u00a0Que\u00a0No\u00a0estic incurs\/a en causa d&#8217;incompatibilitat de les previstes en la legislaci\u00f3 vigent. 2.\u00a0Que en cas d&#8217;estar incurs\/a en causa d&#8217;incompatibilitat, opto pel c\u00e0rrec de: 3.\u00a0Que en relaci\u00f3 amb els c\u00e0rrecs i les activitats que desenvolupo i\/o les que em proporcionen o poden proporcionar ingressos econ\u00f2mics, indico les seg\u00fcents: 3.1 C\u00e0rrecs que exerceixo amb car\u00e0cter institucional o per als quals he estat designat\/da per la meva condici\u00f3, amb car\u00e0cter unipersonal i\/o en \u00f2rgans col\u00b7legiats directius o consells d&#8217;administraci\u00f3, de qualsevol administraci\u00f3, organisme i\/o empreses de capital p\u00fablic. Organitzaci\u00f3 C\u00e0rrec Retribuci\u00f3 Indemnitzaci\u00f3 per assist\u00e8ncia Ajuntament de Moi\u00e0 Alcalde EF No No Diputaci\u00f3 de Barcelona Diputat en funcions S\u00ed No Xarxa Audiovisual Local SL membre consell administraci\u00f3 i vocal junta general en funcions No No Aig\u00fces de Moi\u00e0 President No No 3.2 Altres activitats p\u00fabliques 3.2.1 Llocs, professions o activitats \u2611 Res a declarar en aquest ep\u00edgraf. 3.2.2 C\u00e0rrecs en cambres o col\u00b7legis professionals &nbsp; \u2611 Res a declarar en aquest ep\u00edgraf. 3.2.3 Percepci\u00f3 de pensions de drets passius o de la Seguretat Social \u2611 Res a declarar en aquest ep\u00edgraf. 3.2.4 Altres c\u00e0rrecs institucionals &nbsp; Organisme\/Instituci\u00f3 C\u00e0rrec Retribuci\u00f3 Dieta\/Indemnitzaci\u00f3 Associaci\u00f3 Empresarial Agricultura Ecol\u00f2gica President No No 3.3 Activitats privades 3.3.1 Activitats per compte propi &nbsp; Empresa Localitat Descripci\u00f3 de l&#8217;activitat Moian\u00e8s Iniciatives SLU Moi\u00e0 codi CNAE 64.20 3.3.2 Activitats per compte d&#8217;altri \u2611 Res a declarar en aquest ep\u00edgraf. 3.3.3 Exercici de c\u00e0rrecs amb funcions de direcci\u00f3, representaci\u00f3 o assessorament de societats mercantils i civils, fundacions i consorcis amb finalitat lucrativa \u2611 Res a declarar en aquest ep\u00edgraf. 3.3.4 C\u00e0rrecs i\/o participacions superior al 10% en el capital del\/de la societat, c\u00f2njuge o persona vinculada amb an\u00e0loga relaci\u00f3 de conviv\u00e8ncia afectiva i descendents sobre els quals s&#8217;exerceixi la representaci\u00f3 legal, en empreses d&#8217;obres, serveis o subministraments, qualsevol que sigui la seva naturalesa, concertades amb el sector p\u00fablic estatal, auton\u00f2mic o local \u2611 Res a declarar en aquest ep\u00edgraf.<\/p>\n","protected":false},"author":9,"featured_media":0,"parent":0,"menu_order":0,"comment_status":"closed","ping_status":"closed","template":"","meta":{"footnotes":""},"class_list":["post-19465","page","type-page","status-publish","hentry"],"rttpg_featured_image_url":null,"rttpg_author":{"display_name":"Ajuntament de Moi\u00e0","author_link":"https:\/\/www.moia.cat\/web\/author\/ajuntament\/"},"rttpg_comment":0,"rttpg_category":null,"rttpg_excerpt":"Registre d&#8217;interessos. Secci\u00f3 1a d&#8217;Activitats Declaraci\u00f3 d&#8217;incompatibilitats i activitats que proporcionen o poden proporcionar ingressos econ\u00f2mics. Nom i Cognoms: Dionis Guiteras Rubio C\u00e0rrec: Alcalde Partit judicial: Partit judicial de Manresa Data de la declaraci\u00f3: 15\/06\/2023 En compliment del que disposa l&#8217;article 75.7 de la Llei reguladora de les bases del r\u00e8gim local, i l&#8217;article 163&hellip;","_links":{"self":[{"href":"https:\/\/www.moia.cat\/web\/wp-json\/wp\/v2\/pages\/19465","targetHints":{"allow":["GET"]}}],"collection":[{"href":"https:\/\/www.moia.cat\/web\/wp-json\/wp\/v2\/pages"}],"about":[{"href":"https:\/\/www.moia.cat\/web\/wp-json\/wp\/v2\/types\/page"}],"author":[{"embeddable":true,"href":"https:\/\/www.moia.cat\/web\/wp-json\/wp\/v2\/users\/9"}],"replies":[{"embeddable":true,"href":"https:\/\/www.moia.cat\/web\/wp-json\/wp\/v2\/comments?post=19465"}],"version-history":[{"count":2,"href":"https:\/\/www.moia.cat\/web\/wp-json\/wp\/v2\/pages\/19465\/revisions"}],"predecessor-version":[{"id":19467,"href":"https:\/\/www.moia.cat\/web\/wp-json\/wp\/v2\/pages\/19465\/revisions\/19467"}],"wp:attachment":[{"href":"https:\/\/www.moia.cat\/web\/wp-json\/wp\/v2\/media?parent=19465"}],"curies":[{"name":"wp","href":"https:\/\/api.w.org\/{rel}","templated":true}]}}