{"id":295,"date":"2018-07-19T12:00:44","date_gmt":"2018-07-19T10:00:44","guid":{"rendered":"http:\/\/www.moia.cat\/web\/?page_id=295"},"modified":"2018-08-30T10:04:43","modified_gmt":"2018-08-30T08:04:43","slug":"oferta-docupacio-publica","status":"publish","type":"page","link":"https:\/\/www.moia.cat\/web\/oferta-docupacio-publica\/","title":{"rendered":"Oferta d&#8217;ocupaci\u00f3 p\u00fablica"},"content":{"rendered":"<div id=\"pl-295\"  class=\"panel-layout\" ><div id=\"pg-295-0\"  class=\"panel-grid panel-no-style\" ><div id=\"pgc-295-0-0\"  class=\"panel-grid-cell\" ><div id=\"panel-295-0-0-0\" class=\"so-panel widget widget_black-studio-tinymce widget_black_studio_tinymce panel-first-child panel-last-child\" data-index=\"0\" ><div class=\"textwidget\"><p><strong><span style=\"text-decoration: underline;\"><span style=\"font-size: 14pt;\">Oferta p\u00fablica d'ocupaci\u00f3 a l'Ajuntament de Moi\u00e0<\/span><\/span><\/strong><\/p>\n<\/div><\/div><\/div><\/div><div id=\"pg-295-1\"  class=\"panel-grid panel-no-style\" ><div id=\"pgc-295-1-0\"  class=\"panel-grid-cell\" ><div id=\"panel-295-1-0-0\" class=\"so-panel widget widget_black-studio-tinymce widget_black_studio_tinymce panel-first-child\" data-index=\"1\" ><div class=\"textwidget\"><p><em><strong>Oferta laboral<\/strong><\/em><\/p>\n<\/div><\/div><div id=\"panel-295-1-0-1\" class=\"so-panel widget widget_black-studio-tinymce widget_black_studio_tinymce\" data-index=\"2\" ><div class=\"textwidget\"><p style=\"text-align: justify;\"><a href=\"http:\/\/www.moia.cat\/web\/auxiliar-administratiu-laboral-permanent-fix-de-plantilla-grup-c2\/\" target=\"_blank\" rel=\"noopener\">Auxiliar administratiu laboral permanent fix de plantilla, grup C2<\/a><\/p>\n<\/div><\/div><div id=\"panel-295-1-0-2\" class=\"so-panel widget widget_black-studio-tinymce widget_black_studio_tinymce\" data-index=\"3\" ><div class=\"textwidget\"><p style=\"text-align: justify;\"><a href=\"http:\/\/www.moia.cat\/web\/oficial-polivalent-laboral-permanent-fix-de-plantilla-grup-c2\/\">Oficial polivalent laboral permanent fix de plantilla, grup C2<\/a><\/p>\n<\/div><\/div><div id=\"panel-295-1-0-3\" class=\"so-panel widget widget_black-studio-tinymce widget_black_studio_tinymce panel-last-child\" data-index=\"4\" ><div class=\"textwidget\"><p class=\"page-heading \"><a href=\"http:\/\/www.moia.cat\/web\/netejador-a-laboral-permanent-fix-de-plantilla\/\"><span class=\"h-title\">Netejador\/a laboral permanent fix de plantilla<\/span><\/a><\/p>\n<\/div><\/div><\/div><div id=\"pgc-295-1-1\"  class=\"panel-grid-cell\" ><div id=\"panel-295-1-1-0\" class=\"so-panel widget widget_black-studio-tinymce widget_black_studio_tinymce panel-first-child\" data-index=\"5\" ><div class=\"textwidget\"><p><em><strong>Estat de la oferta<\/strong><\/em><\/p>\n<\/div><\/div><div id=\"panel-295-1-1-1\" class=\"so-panel widget widget_black-studio-tinymce widget_black_studio_tinymce\" data-index=\"6\" ><div class=\"textwidget\"><p style=\"text-align: justify;\"><span style=\"font-size: 10pt;\">Pendents d'ex\u00e0mens i valoraci\u00f3 de m\u00e8rits<\/span><\/p>\n<\/div><\/div><div id=\"panel-295-1-1-2\" class=\"so-panel widget widget_black-studio-tinymce widget_black_studio_tinymce\" data-index=\"7\" ><div class=\"textwidget\"><p style=\"text-align: justify;\"><span style=\"font-size: 10pt;\">Pendents d'ex\u00e0mens i valoraci\u00f3 de m\u00e8rits<\/span><\/p>\n<\/div><\/div><div id=\"panel-295-1-1-3\" class=\"so-panel widget widget_black-studio-tinymce widget_black_studio_tinymce panel-last-child\" data-index=\"8\" ><div class=\"textwidget\"><p style=\"text-align: justify;\"><span style=\"font-size: 10pt;\">Pendents d'ex\u00e0mens i valoraci\u00f3 de m\u00e8rits<\/span><\/p>\n<\/div><\/div><\/div><\/div><\/div>","protected":false},"excerpt":{"rendered":"<p>Oferta p\u00fablica d&#8217;ocupaci\u00f3 a l&#8217;Ajuntament de Moi\u00e0 Oferta laboral Auxiliar administratiu laboral permanent fix de plantilla, grup C2 Oficial polivalent laboral permanent fix de plantilla, grup C2 Netejador\/a laboral permanent fix de plantilla Estat de la oferta Pendents d&#8217;ex\u00e0mens i valoraci\u00f3 de m\u00e8rits Pendents d&#8217;ex\u00e0mens i valoraci\u00f3 de m\u00e8rits Pendents d&#8217;ex\u00e0mens i valoraci\u00f3 de m\u00e8rits<\/p>\n","protected":false},"author":9,"featured_media":0,"parent":0,"menu_order":0,"comment_status":"closed","ping_status":"closed","template":"","meta":{"footnotes":""},"class_list":["post-295","page","type-page","status-publish","hentry"],"rttpg_featured_image_url":null,"rttpg_author":{"display_name":"Ajuntament de Moi\u00e0","author_link":"https:\/\/www.moia.cat\/web\/author\/ajuntament\/"},"rttpg_comment":0,"rttpg_category":null,"rttpg_excerpt":"Oferta p\u00fablica d'ocupaci\u00f3 a l'Ajuntament de Moi\u00e0 Oferta laboral Auxiliar administratiu laboral permanent fix de plantilla, grup C2 Oficial polivalent laboral permanent fix de plantilla, grup C2 Netejador\/a laboral permanent fix de plantilla Estat de la oferta Pendents d'ex\u00e0mens i valoraci\u00f3 de m\u00e8rits Pendents d'ex\u00e0mens i valoraci\u00f3 de m\u00e8rits Pendents d'ex\u00e0mens i valoraci\u00f3 de m\u00e8rits","_links":{"self":[{"href":"https:\/\/www.moia.cat\/web\/wp-json\/wp\/v2\/pages\/295","targetHints":{"allow":["GET"]}}],"collection":[{"href":"https:\/\/www.moia.cat\/web\/wp-json\/wp\/v2\/pages"}],"about":[{"href":"https:\/\/www.moia.cat\/web\/wp-json\/wp\/v2\/types\/page"}],"author":[{"embeddable":true,"href":"https:\/\/www.moia.cat\/web\/wp-json\/wp\/v2\/users\/9"}],"replies":[{"embeddable":true,"href":"https:\/\/www.moia.cat\/web\/wp-json\/wp\/v2\/comments?post=295"}],"version-history":[{"count":9,"href":"https:\/\/www.moia.cat\/web\/wp-json\/wp\/v2\/pages\/295\/revisions"}],"predecessor-version":[{"id":7382,"href":"https:\/\/www.moia.cat\/web\/wp-json\/wp\/v2\/pages\/295\/revisions\/7382"}],"wp:attachment":[{"href":"https:\/\/www.moia.cat\/web\/wp-json\/wp\/v2\/media?parent=295"}],"curies":[{"name":"wp","href":"https:\/\/api.w.org\/{rel}","templated":true}]}}