{"id":7344,"date":"2018-08-28T09:21:25","date_gmt":"2018-08-28T07:21:25","guid":{"rendered":"http:\/\/www.moia.cat\/web\/?page_id=7344"},"modified":"2018-08-28T10:10:16","modified_gmt":"2018-08-28T08:10:16","slug":"oficial-polivalent-laboral-permanent-fix-de-plantilla-grup-c2","status":"publish","type":"page","link":"https:\/\/www.moia.cat\/web\/oficial-polivalent-laboral-permanent-fix-de-plantilla-grup-c2\/","title":{"rendered":"Oficial polivalent laboral permanent fix de plantilla, grup C2"},"content":{"rendered":"<div id=\"pl-7344\"  class=\"panel-layout\" ><div id=\"pg-7344-0\"  class=\"panel-grid panel-no-style\" ><div id=\"pgc-7344-0-0\"  class=\"panel-grid-cell\" ><div id=\"panel-7344-0-0-0\" class=\"so-panel widget widget_black-studio-tinymce widget_black_studio_tinymce panel-first-child panel-last-child\" data-index=\"0\" ><div class=\"textwidget\"><p><strong>Documentaci\u00f3 relacionada amb l'oferta d'ocupaci\u00f3 p\u00fablica per a la cobertura d\u2019un lloc de treball d\u2019auxiliar administratiu laboral permanent fix de plantilla a l'Ajuntament de Moi\u00e0<\/strong><\/p>\n<\/div><\/div><\/div><\/div><div id=\"pg-7344-1\"  class=\"panel-grid panel-no-style\" ><div id=\"pgc-7344-1-0\"  class=\"panel-grid-cell\" ><div id=\"panel-7344-1-0-0\" class=\"so-panel widget widget_black-studio-tinymce widget_black_studio_tinymce panel-first-child\" data-index=\"1\" ><div class=\"textwidget\"><p>Decret d'alcaldia<\/p>\n<\/div><\/div><div id=\"panel-7344-1-0-1\" class=\"so-panel widget widget_black-studio-tinymce widget_black_studio_tinymce panel-last-child\" data-index=\"2\" ><div class=\"textwidget\"><p>Llista provisional, membres tribunal i dates ex\u00e0mens<\/p>\n<\/div><\/div><\/div><div id=\"pgc-7344-1-1\"  class=\"panel-grid-cell\" ><div id=\"panel-7344-1-1-0\" class=\"so-panel widget widget_black-studio-tinymce widget_black_studio_tinymce panel-first-child\" data-index=\"3\" ><div class=\"textwidget\"><p><a href=\"http:\/\/www.moia.cat\/web\/wp-content\/uploads\/2018\/08\/decret-oficial.pdf\" target=\"_blank\" rel=\"noopener\">Decret convocat\u00f2ria procediment selectiu de cobertura d'un lloc de treball d'oficial polivalent laboral permanent <\/a><\/p>\n<\/div><\/div><div id=\"panel-7344-1-1-1\" class=\"so-panel widget widget_black-studio-tinymce widget_black_studio_tinymce panel-last-child\" data-index=\"4\" ><div class=\"textwidget\"><p><a href=\"http:\/\/www.moia.cat\/web\/wp-content\/uploads\/2018\/08\/llistat.pdf\" target=\"_blank\" rel=\"noopener\">Decret de les llistes provisionals d'admesos i exclosos, membres tribunal qualificador i dates ex\u00e0mens<\/a><\/p>\n<\/div><\/div><\/div><\/div><\/div>","protected":false},"excerpt":{"rendered":"<p>Documentaci\u00f3 relacionada amb l&#8217;oferta d&#8217;ocupaci\u00f3 p\u00fablica per a la cobertura d\u2019un lloc de treball d\u2019auxiliar administratiu laboral permanent fix de plantilla a l&#8217;Ajuntament de Moi\u00e0 Decret d&#8217;alcaldia Llista provisional, membres tribunal i dates ex\u00e0mens Decret convocat\u00f2ria procediment selectiu de cobertura d&#8217;un lloc de treball d&#8217;oficial polivalent laboral permanent Decret de les llistes provisionals d&#8217;admesos i exclosos, membres tribunal qualificador i dates ex\u00e0mens<\/p>\n","protected":false},"author":9,"featured_media":0,"parent":0,"menu_order":0,"comment_status":"closed","ping_status":"closed","template":"","meta":{"footnotes":""},"class_list":["post-7344","page","type-page","status-publish","hentry"],"rttpg_featured_image_url":null,"rttpg_author":{"display_name":"Ajuntament de Moi\u00e0","author_link":"https:\/\/www.moia.cat\/web\/author\/ajuntament\/"},"rttpg_comment":0,"rttpg_category":null,"rttpg_excerpt":"Documentaci\u00f3 relacionada amb l'oferta d'ocupaci\u00f3 p\u00fablica per a la cobertura d\u2019un lloc de treball d\u2019auxiliar administratiu laboral permanent fix de plantilla a l'Ajuntament de Moi\u00e0 Decret d'alcaldia Llista provisional, membres tribunal i dates ex\u00e0mens Decret convocat\u00f2ria procediment selectiu de cobertura d'un lloc de treball d'oficial polivalent laboral permanent Decret de les llistes provisionals d'admesos i&hellip;","_links":{"self":[{"href":"https:\/\/www.moia.cat\/web\/wp-json\/wp\/v2\/pages\/7344","targetHints":{"allow":["GET"]}}],"collection":[{"href":"https:\/\/www.moia.cat\/web\/wp-json\/wp\/v2\/pages"}],"about":[{"href":"https:\/\/www.moia.cat\/web\/wp-json\/wp\/v2\/types\/page"}],"author":[{"embeddable":true,"href":"https:\/\/www.moia.cat\/web\/wp-json\/wp\/v2\/users\/9"}],"replies":[{"embeddable":true,"href":"https:\/\/www.moia.cat\/web\/wp-json\/wp\/v2\/comments?post=7344"}],"version-history":[{"count":6,"href":"https:\/\/www.moia.cat\/web\/wp-json\/wp\/v2\/pages\/7344\/revisions"}],"predecessor-version":[{"id":7372,"href":"https:\/\/www.moia.cat\/web\/wp-json\/wp\/v2\/pages\/7344\/revisions\/7372"}],"wp:attachment":[{"href":"https:\/\/www.moia.cat\/web\/wp-json\/wp\/v2\/media?parent=7344"}],"curies":[{"name":"wp","href":"https:\/\/api.w.org\/{rel}","templated":true}]}}