{"id":7347,"date":"2018-08-28T09:23:42","date_gmt":"2018-08-28T07:23:42","guid":{"rendered":"http:\/\/www.moia.cat\/web\/?page_id=7347"},"modified":"2018-08-28T10:17:16","modified_gmt":"2018-08-28T08:17:16","slug":"netejador-a-laboral-permanent-fix-de-plantilla","status":"publish","type":"page","link":"https:\/\/www.moia.cat\/web\/netejador-a-laboral-permanent-fix-de-plantilla\/","title":{"rendered":"Netejador\/a laboral permanent fix de plantilla"},"content":{"rendered":"<div id=\"pl-7347\"  class=\"panel-layout\" ><div id=\"pg-7347-0\"  class=\"panel-grid panel-no-style\" ><div id=\"pgc-7347-0-0\"  class=\"panel-grid-cell\" ><div id=\"panel-7347-0-0-0\" class=\"so-panel widget widget_black-studio-tinymce widget_black_studio_tinymce panel-first-child panel-last-child\" data-index=\"0\" ><div class=\"textwidget\"><p><strong>Documentaci\u00f3 relacionada amb l'oferta d'ocupaci\u00f3 p\u00fablica per a la cobertura d\u2019un lloc de treball de netejador\/a laboral permanent fix en plantilla a l'Ajuntament de Moi\u00e0<\/strong><\/p>\n<\/div><\/div><\/div><\/div><div id=\"pg-7347-1\"  class=\"panel-grid panel-no-style\" ><div id=\"pgc-7347-1-0\"  class=\"panel-grid-cell\" ><div id=\"panel-7347-1-0-0\" class=\"so-panel widget widget_black-studio-tinymce widget_black_studio_tinymce panel-first-child\" data-index=\"1\" ><div class=\"textwidget\"><p>Decret d'alcaldia<\/p>\n<\/div><\/div><div id=\"panel-7347-1-0-1\" class=\"so-panel widget widget_black-studio-tinymce widget_black_studio_tinymce panel-last-child\" data-index=\"2\" ><div class=\"textwidget\"><p>Llista provisional, membres tribunal i dates ex\u00e0mens<\/p>\n<\/div><\/div><\/div><div id=\"pgc-7347-1-1\"  class=\"panel-grid-cell\" ><div id=\"panel-7347-1-1-0\" class=\"so-panel widget widget_black-studio-tinymce widget_black_studio_tinymce panel-first-child\" data-index=\"3\" ><div class=\"textwidget\"><p><a href=\"http:\/\/www.moia.cat\/web\/wp-content\/uploads\/2018\/08\/decret-netejadora-1.pdf\">Decret convocat\u00f2ria procediment selectiu de cobertura d'un lloc de treball de netejador\/a laboral permanent fix <\/a><\/p>\n<\/div><\/div><div id=\"panel-7347-1-1-1\" class=\"so-panel widget widget_black-studio-tinymce widget_black_studio_tinymce panel-last-child\" data-index=\"4\" ><div class=\"textwidget\"><p><a href=\"http:\/\/www.moia.cat\/web\/wp-content\/uploads\/2018\/08\/decret-plantin\u0303n\u0303a-n\u0303n\u0303osta.pdf\">Decret de les llistes provisionals d'admesos i exclosos, membres de tribunal qualificador i dates d'ex\u00e0mens<\/a><\/p>\n<\/div><\/div><\/div><\/div><\/div>","protected":false},"excerpt":{"rendered":"<p>Documentaci\u00f3 relacionada amb l&#8217;oferta d&#8217;ocupaci\u00f3 p\u00fablica per a la cobertura d\u2019un lloc de treball de netejador\/a laboral permanent fix en plantilla a l&#8217;Ajuntament de Moi\u00e0 Decret d&#8217;alcaldia Llista provisional, membres tribunal i dates ex\u00e0mens Decret convocat\u00f2ria procediment selectiu de cobertura d&#8217;un lloc de treball de netejador\/a laboral permanent fix Decret de les llistes provisionals d&#8217;admesos i exclosos, membres de tribunal qualificador i dates d&#8217;ex\u00e0mens<\/p>\n","protected":false},"author":9,"featured_media":0,"parent":0,"menu_order":0,"comment_status":"closed","ping_status":"closed","template":"","meta":{"footnotes":""},"class_list":["post-7347","page","type-page","status-publish","hentry"],"rttpg_featured_image_url":null,"rttpg_author":{"display_name":"Ajuntament de Moi\u00e0","author_link":"https:\/\/www.moia.cat\/web\/author\/ajuntament\/"},"rttpg_comment":0,"rttpg_category":null,"rttpg_excerpt":"Documentaci\u00f3 relacionada amb l'oferta d'ocupaci\u00f3 p\u00fablica per a la cobertura d\u2019un lloc de treball de netejador\/a laboral permanent fix en plantilla a l'Ajuntament de Moi\u00e0 Decret d'alcaldia Llista provisional, membres tribunal i dates ex\u00e0mens Decret convocat\u00f2ria procediment selectiu de cobertura d'un lloc de treball de netejador\/a laboral permanent fix Decret de les llistes provisionals d'admesos&hellip;","_links":{"self":[{"href":"https:\/\/www.moia.cat\/web\/wp-json\/wp\/v2\/pages\/7347","targetHints":{"allow":["GET"]}}],"collection":[{"href":"https:\/\/www.moia.cat\/web\/wp-json\/wp\/v2\/pages"}],"about":[{"href":"https:\/\/www.moia.cat\/web\/wp-json\/wp\/v2\/types\/page"}],"author":[{"embeddable":true,"href":"https:\/\/www.moia.cat\/web\/wp-json\/wp\/v2\/users\/9"}],"replies":[{"embeddable":true,"href":"https:\/\/www.moia.cat\/web\/wp-json\/wp\/v2\/comments?post=7347"}],"version-history":[{"count":3,"href":"https:\/\/www.moia.cat\/web\/wp-json\/wp\/v2\/pages\/7347\/revisions"}],"predecessor-version":[{"id":7374,"href":"https:\/\/www.moia.cat\/web\/wp-json\/wp\/v2\/pages\/7347\/revisions\/7374"}],"wp:attachment":[{"href":"https:\/\/www.moia.cat\/web\/wp-json\/wp\/v2\/media?parent=7347"}],"curies":[{"name":"wp","href":"https:\/\/api.w.org\/{rel}","templated":true}]}}