{"id":7871,"date":"2019-01-16T15:24:57","date_gmt":"2019-01-16T13:24:57","guid":{"rendered":"http:\/\/www.moia.cat\/web\/?page_id=7871"},"modified":"2020-11-18T08:09:53","modified_gmt":"2020-11-18T06:09:53","slug":"factura-electronica","status":"publish","type":"page","link":"https:\/\/www.moia.cat\/web\/factura-electronica\/","title":{"rendered":"Factura electr\u00f2nica"},"content":{"rendered":"<p>Servei de recepci\u00f3 de factures electr\u00f2niques per part dels prove\u00efdors de l\u2019Ajuntament de Moi\u00e0<\/p>\n<p>El format electr\u00f2nic per emetre factures electr\u00f2niques a l\u2019Administraci\u00f3 s Facturae, eina que el Ministeri d\u2019Ind\u00fastria, Turisme i Comer\u00e7 posa a disposici\u00f3 de les empreses per la gesti\u00f3 i presentaci\u00f3 telem\u00e0ticament.<\/p>\n<p>La presentaci\u00f3 de factures electr\u00f2niques es realitza a trav\u00e9s d\u2019e.FACT, que s el servei que el Consorci Administraci\u00f3 Oberta de Catalunya posa a l\u2019abast de totes les administracions p\u00fabliques catalanes.<\/p>\n<p>Qui ho pot sol\u00b7licitar | Qualsevol empresa i\/o professional que sigui prove\u00efdor de l\u2019Ajuntament.<\/p>\n<p>Quan es pot sol\u00b7licitar | En qualsevol moment.<\/p>\n<p>Per Internet | La b\u00fastia de lliurament de facturaci\u00f3 electr\u00f2nica<br \/>\n\u00c9s un portal web de lliure acc\u00e9s que permet als prove\u00efdors de l\u2019Ajuntament de Moi\u00e0 el servei de tramesa de factures i documents annexos amb aquestes. El seg\u00fcent enlla\u00e7 correspon a la presentaci\u00f3 de la factura telem\u00e0ticament:<\/p>\n<p><a href=\"https:\/\/efact.eacat.cat\/bustia\/?emisorId=170\">Enlla\u00e7 tr\u00e0mit <\/a><br \/>\nA tenir en compte |L\u2019Ag\u00e8ncia Tributaria (AEAT) i el Consorci Administraci\u00f3 Oberta de Catalunya (AOC), usen el format XML donat per l\u2019est\u00e0ndard XadES, amb una estructura determinada coneguda com format Facturae.Servei de validaci\u00f3 de documents electr\u00f2nics: A trav\u00e9s d\u2019aquest servei de validaci\u00f3 em\u00e8s per l\u2019Ag\u00e8ncia Catalana de Certificaci\u00f3 i d\u2019acord amb el que estableix l\u2019article 3.4 de la Llei 59\/2003 de 19 desembre, es poden verificar els documents signats amb signatura electr\u00f2nica avan\u00e7ada que t\u00e9, respecte a les dades consignades en format electr\u00f2nic, el mateix valor que la firma manuscrita amb els consignats en paper.<\/p>\n<p>Cost | Gratu\u00eft<\/p>\n","protected":false},"excerpt":{"rendered":"<p>Servei de recepci\u00f3 de factures electr\u00f2niques per part dels prove\u00efdors de l\u2019Ajuntament de Moi\u00e0 El format electr\u00f2nic per emetre factures electr\u00f2niques a l\u2019Administraci\u00f3 s Facturae, eina que el Ministeri d\u2019Ind\u00fastria, Turisme i Comer\u00e7 posa a disposici\u00f3 de les empreses per la gesti\u00f3 i presentaci\u00f3 telem\u00e0ticament. La presentaci\u00f3 de factures electr\u00f2niques es realitza a trav\u00e9s d\u2019e.FACT, que s el servei que el Consorci Administraci\u00f3 Oberta de Catalunya posa a l\u2019abast de totes les administracions p\u00fabliques catalanes. Qui ho pot sol\u00b7licitar | Qualsevol empresa i\/o professional que sigui prove\u00efdor de l\u2019Ajuntament. Quan es pot sol\u00b7licitar | En qualsevol moment. Per Internet | La b\u00fastia de lliurament de facturaci\u00f3 electr\u00f2nica \u00c9s un portal web de lliure acc\u00e9s que permet als prove\u00efdors de l\u2019Ajuntament de Moi\u00e0 el servei de tramesa de factures i documents annexos amb aquestes. El seg\u00fcent enlla\u00e7 correspon a la presentaci\u00f3 de la factura telem\u00e0ticament: Enlla\u00e7 tr\u00e0mit A tenir en compte |L\u2019Ag\u00e8ncia Tributaria (AEAT) i el Consorci Administraci\u00f3 Oberta de Catalunya (AOC), usen el format XML donat per l\u2019est\u00e0ndard XadES, amb una estructura determinada coneguda com format Facturae.Servei de validaci\u00f3 de documents electr\u00f2nics: A trav\u00e9s d\u2019aquest servei de validaci\u00f3 em\u00e8s per l\u2019Ag\u00e8ncia Catalana de Certificaci\u00f3 i d\u2019acord amb el que estableix l\u2019article 3.4 de la Llei 59\/2003 de 19 desembre, es poden verificar els documents signats amb signatura electr\u00f2nica avan\u00e7ada que t\u00e9, respecte a les dades consignades en format electr\u00f2nic, el mateix valor que la firma manuscrita amb els consignats en paper. Cost | Gratu\u00eft<\/p>\n","protected":false},"author":9,"featured_media":0,"parent":0,"menu_order":0,"comment_status":"closed","ping_status":"closed","template":"","meta":{"footnotes":""},"class_list":["post-7871","page","type-page","status-publish","hentry"],"rttpg_featured_image_url":null,"rttpg_author":{"display_name":"Ajuntament de Moi\u00e0","author_link":"https:\/\/www.moia.cat\/web\/author\/ajuntament\/"},"rttpg_comment":0,"rttpg_category":null,"rttpg_excerpt":"Servei de recepci\u00f3 de factures electr\u00f2niques per part dels prove\u00efdors de l\u2019Ajuntament de Moi\u00e0 El format electr\u00f2nic per emetre factures electr\u00f2niques a l\u2019Administraci\u00f3 s Facturae, eina que el Ministeri d\u2019Ind\u00fastria, Turisme i Comer\u00e7 posa a disposici\u00f3 de les empreses per la gesti\u00f3 i presentaci\u00f3 telem\u00e0ticament. La presentaci\u00f3 de factures electr\u00f2niques es realitza a trav\u00e9s d\u2019e.FACT,&hellip;","_links":{"self":[{"href":"https:\/\/www.moia.cat\/web\/wp-json\/wp\/v2\/pages\/7871","targetHints":{"allow":["GET"]}}],"collection":[{"href":"https:\/\/www.moia.cat\/web\/wp-json\/wp\/v2\/pages"}],"about":[{"href":"https:\/\/www.moia.cat\/web\/wp-json\/wp\/v2\/types\/page"}],"author":[{"embeddable":true,"href":"https:\/\/www.moia.cat\/web\/wp-json\/wp\/v2\/users\/9"}],"replies":[{"embeddable":true,"href":"https:\/\/www.moia.cat\/web\/wp-json\/wp\/v2\/comments?post=7871"}],"version-history":[{"count":2,"href":"https:\/\/www.moia.cat\/web\/wp-json\/wp\/v2\/pages\/7871\/revisions"}],"predecessor-version":[{"id":10617,"href":"https:\/\/www.moia.cat\/web\/wp-json\/wp\/v2\/pages\/7871\/revisions\/10617"}],"wp:attachment":[{"href":"https:\/\/www.moia.cat\/web\/wp-json\/wp\/v2\/media?parent=7871"}],"curies":[{"name":"wp","href":"https:\/\/api.w.org\/{rel}","templated":true}]}}